
{"id":4627,"date":"2025-08-06T10:18:27","date_gmt":"2025-08-06T08:18:27","guid":{"rendered":"https:\/\/gehwaehlen-duesseldorf.de\/25\/?page_id=4627"},"modified":"2025-08-06T10:21:02","modified_gmt":"2025-08-06T08:21:02","slug":"duesselomat","status":"publish","type":"page","link":"https:\/\/gehwaehlen-duesseldorf.de\/25\/duesselomat\/","title":{"rendered":"D\u00fcssel-O-Mat &#8211; Deine Wahlhilfe zur Kommunalwahl in D\u00fcsseldorf 2025"},"content":{"rendered":"<div class=\"wpb-content-wrapper\"><p>[vc_row][vc_column][vc_column_text]Der D\u00fcssel-O-Mat ist deine Wahlhilfe f\u00fcr die Kommunalwahl in D\u00fcsseldorf. Er ist ein Informationsangebot des Jugendrings D\u00fcsseldorf. Er unterst\u00fctzt dich, deine eigenen politischen Positionen besser einzuordnen und eine informierte Wahlentscheidung zu treffen. Du willst noch mehr Infos zur Wahl und die Kandidierenden in deinem Bezirk kennenlernen? Dann schau vorbei auf gehwaehlen-duesseldorf.de<\/p>\n<p>[\/vc_column_text][vc_column_text css=&#8220;&#8220;]<strong style=\"font-size: 1.4em;\" data-nosnippet=\"\">Du wirst sofort zum D\u00fcssel-O-Maten umgeleitet. Wir schicken dich auf www.duesselomat.de<\/strong>[\/vc_column_text][vc_raw_html css=&#8220;&#8220;]JTNDc2NyaXB0JTNFJTBEJTBBJTIwJTIwc2V0VGltZW91dCUyOGZ1bmN0aW9uJTI4JTI5JTIwJTdCJTBEJTBBJTIwJTIwJTIwJTIwd2luZG93LmxvY2F0aW9uLmhyZWYlMjAlM0QlMjAlMjJodHRwcyUzQSUyRiUyRmR1ZXNzZWxvbWF0LmRlJTIyJTNCJTBEJTBBJTIwJTIwJTdEJTJDJTIwNDAwMCUyOSUzQiUwRCUwQSUzQyUyRnNjcmlwdCUzRSUwRCUwQSUwRCUwQSUzQ21ldGElMjBodHRwLWVxdWl2JTNEJTIycmVmcmVzaCUyMiUyMGNvbnRlbnQlM0QlMjI0JTNCdXJsJTNEaHR0cHMlM0ElMkYlMkZkdWVzc2Vsb21hdC5kZSUyMiUzRQ==[\/vc_raw_html][\/vc_column][\/vc_row][vc_row][vc_column][vc_single_image image=&#8220;4625&#8243; img_size=&#8220;full&#8220; alignment=&#8220;center&#8220; onclick=&#8220;custom_link&#8220; css=&#8220;&#8220; link=&#8220;https:\/\/duesselomat.de&#8220;][\/vc_column][\/vc_row]<\/p>\n<\/div>","protected":false},"excerpt":{"rendered":"<p>[vc_row][vc_column][vc_column_text]Der D\u00fcssel-O-Mat ist deine Wahlhilfe f\u00fcr die Kommunalwahl in D\u00fcsseldorf. Er ist ein Informationsangebot des Jugendrings D\u00fcsseldorf. Er unterst\u00fctzt dich, deine eigenen politischen Positionen besser einzuordnen und eine informierte Wahlentscheidung&hellip;<\/p>\n","protected":false},"author":1,"featured_media":4625,"parent":0,"menu_order":0,"comment_status":"closed","ping_status":"closed","template":"","meta":{"footnotes":""},"class_list":["post-4627","page","type-page","status-publish","has-post-thumbnail","hentry","description-off"],"yoast_head":"<!-- This site is optimized with the Yoast SEO plugin v27.5 - https:\/\/yoast.com\/product\/yoast-seo-wordpress\/ -->\n<title>D\u00fcssel-O-Mat - Deine Wahlhilfe zur Kommunalwahl in D\u00fcsseldorf 2025 - gehw\u00e4hlen25 - Kommunalwahl in D\u00fcsseldorf und NRW<\/title>\n<meta name=\"robots\" content=\"index, follow, max-snippet:-1, max-image-preview:large, max-video-preview:-1\" \/>\n<link rel=\"canonical\" href=\"https:\/\/gehwaehlen-duesseldorf.de\/25\/duesselomat\/\" \/>\n<meta property=\"og:locale\" content=\"de_DE\" \/>\n<meta property=\"og:type\" content=\"article\" \/>\n<meta property=\"og:title\" content=\"D\u00fcssel-O-Mat - Deine Wahlhilfe zur Kommunalwahl in D\u00fcsseldorf 2025 - gehw\u00e4hlen25 - Kommunalwahl in D\u00fcsseldorf und NRW\" \/>\n<meta property=\"og:description\" content=\"[vc_row][vc_column][vc_column_text]Der D\u00fcssel-O-Mat ist deine Wahlhilfe f\u00fcr die Kommunalwahl in D\u00fcsseldorf. Er ist ein Informationsangebot des Jugendrings D\u00fcsseldorf. Er unterst\u00fctzt dich, deine eigenen politischen Positionen besser einzuordnen und eine informierte Wahlentscheidung&hellip;\" \/>\n<meta property=\"og:url\" content=\"https:\/\/gehwaehlen-duesseldorf.de\/25\/duesselomat\/\" \/>\n<meta property=\"og:site_name\" content=\"gehw\u00e4hlen25 - Kommunalwahl in D\u00fcsseldorf und NRW\" \/>\n<meta property=\"article:modified_time\" content=\"2025-08-06T08:21:02+00:00\" \/>\n<meta property=\"og:image\" content=\"https:\/\/gehwaehlen-duesseldorf.de\/25\/wp-content\/uploads\/sites\/6\/2025\/08\/o-mat-banner-5.jpg\" \/>\n\t<meta property=\"og:image:width\" content=\"1920\" \/>\n\t<meta property=\"og:image:height\" content=\"900\" \/>\n\t<meta property=\"og:image:type\" content=\"image\/jpeg\" \/>\n<meta name=\"twitter:card\" content=\"summary_large_image\" \/>\n<meta name=\"twitter:label1\" content=\"Gesch\u00e4tzte Lesezeit\" \/>\n\t<meta name=\"twitter:data1\" content=\"1\u00a0Minute\" \/>\n<script type=\"application\/ld+json\" class=\"yoast-schema-graph\">{\"@context\":\"https:\\\/\\\/schema.org\",\"@graph\":[{\"@type\":\"WebPage\",\"@id\":\"https:\\\/\\\/gehwaehlen-duesseldorf.de\\\/25\\\/duesselomat\\\/\",\"url\":\"https:\\\/\\\/gehwaehlen-duesseldorf.de\\\/25\\\/duesselomat\\\/\",\"name\":\"D\u00fcssel-O-Mat - Deine Wahlhilfe zur Kommunalwahl in D\u00fcsseldorf 2025 - gehw\u00e4hlen25 - Kommunalwahl in D\u00fcsseldorf und NRW\",\"isPartOf\":{\"@id\":\"https:\\\/\\\/gehwaehlen-duesseldorf.de\\\/25\\\/#website\"},\"primaryImageOfPage\":{\"@id\":\"https:\\\/\\\/gehwaehlen-duesseldorf.de\\\/25\\\/duesselomat\\\/#primaryimage\"},\"image\":{\"@id\":\"https:\\\/\\\/gehwaehlen-duesseldorf.de\\\/25\\\/duesselomat\\\/#primaryimage\"},\"thumbnailUrl\":\"https:\\\/\\\/gehwaehlen-duesseldorf.de\\\/25\\\/wp-content\\\/uploads\\\/sites\\\/6\\\/2025\\\/08\\\/o-mat-banner-5.jpg\",\"datePublished\":\"2025-08-06T08:18:27+00:00\",\"dateModified\":\"2025-08-06T08:21:02+00:00\",\"breadcrumb\":{\"@id\":\"https:\\\/\\\/gehwaehlen-duesseldorf.de\\\/25\\\/duesselomat\\\/#breadcrumb\"},\"inLanguage\":\"de\",\"potentialAction\":[{\"@type\":\"ReadAction\",\"target\":[\"https:\\\/\\\/gehwaehlen-duesseldorf.de\\\/25\\\/duesselomat\\\/\"]}]},{\"@type\":\"ImageObject\",\"inLanguage\":\"de\",\"@id\":\"https:\\\/\\\/gehwaehlen-duesseldorf.de\\\/25\\\/duesselomat\\\/#primaryimage\",\"url\":\"https:\\\/\\\/gehwaehlen-duesseldorf.de\\\/25\\\/wp-content\\\/uploads\\\/sites\\\/6\\\/2025\\\/08\\\/o-mat-banner-5.jpg\",\"contentUrl\":\"https:\\\/\\\/gehwaehlen-duesseldorf.de\\\/25\\\/wp-content\\\/uploads\\\/sites\\\/6\\\/2025\\\/08\\\/o-mat-banner-5.jpg\",\"width\":1920,\"height\":900},{\"@type\":\"BreadcrumbList\",\"@id\":\"https:\\\/\\\/gehwaehlen-duesseldorf.de\\\/25\\\/duesselomat\\\/#breadcrumb\",\"itemListElement\":[{\"@type\":\"ListItem\",\"position\":1,\"name\":\"Startseite\",\"item\":\"https:\\\/\\\/gehwaehlen-duesseldorf.de\\\/25\\\/\"},{\"@type\":\"ListItem\",\"position\":2,\"name\":\"D\u00fcssel-O-Mat &#8211; Deine Wahlhilfe zur Kommunalwahl in D\u00fcsseldorf 2025\"}]},{\"@type\":\"WebSite\",\"@id\":\"https:\\\/\\\/gehwaehlen-duesseldorf.de\\\/25\\\/#website\",\"url\":\"https:\\\/\\\/gehwaehlen-duesseldorf.de\\\/25\\\/\",\"name\":\"gehw\u00e4hlen25 - Kommunalwahl in D\u00fcsseldorf und NRW\",\"description\":\"\",\"potentialAction\":[{\"@type\":\"SearchAction\",\"target\":{\"@type\":\"EntryPoint\",\"urlTemplate\":\"https:\\\/\\\/gehwaehlen-duesseldorf.de\\\/25\\\/?s={search_term_string}\"},\"query-input\":{\"@type\":\"PropertyValueSpecification\",\"valueRequired\":true,\"valueName\":\"search_term_string\"}}],\"inLanguage\":\"de\"}]}<\/script>\n<!-- \/ Yoast SEO plugin. -->","yoast_head_json":{"title":"D\u00fcssel-O-Mat - Deine Wahlhilfe zur Kommunalwahl in D\u00fcsseldorf 2025 - gehw\u00e4hlen25 - Kommunalwahl in D\u00fcsseldorf und NRW","robots":{"index":"index","follow":"follow","max-snippet":"max-snippet:-1","max-image-preview":"max-image-preview:large","max-video-preview":"max-video-preview:-1"},"canonical":"https:\/\/gehwaehlen-duesseldorf.de\/25\/duesselomat\/","og_locale":"de_DE","og_type":"article","og_title":"D\u00fcssel-O-Mat - Deine Wahlhilfe zur Kommunalwahl in D\u00fcsseldorf 2025 - gehw\u00e4hlen25 - Kommunalwahl in D\u00fcsseldorf und NRW","og_description":"[vc_row][vc_column][vc_column_text]Der D\u00fcssel-O-Mat ist deine Wahlhilfe f\u00fcr die Kommunalwahl in D\u00fcsseldorf. Er ist ein Informationsangebot des Jugendrings D\u00fcsseldorf. Er unterst\u00fctzt dich, deine eigenen politischen Positionen besser einzuordnen und eine informierte Wahlentscheidung&hellip;","og_url":"https:\/\/gehwaehlen-duesseldorf.de\/25\/duesselomat\/","og_site_name":"gehw\u00e4hlen25 - Kommunalwahl in D\u00fcsseldorf und NRW","article_modified_time":"2025-08-06T08:21:02+00:00","og_image":[{"width":1920,"height":900,"url":"https:\/\/gehwaehlen-duesseldorf.de\/25\/wp-content\/uploads\/sites\/6\/2025\/08\/o-mat-banner-5.jpg","type":"image\/jpeg"}],"twitter_card":"summary_large_image","twitter_misc":{"Gesch\u00e4tzte Lesezeit":"1\u00a0Minute"},"schema":{"@context":"https:\/\/schema.org","@graph":[{"@type":"WebPage","@id":"https:\/\/gehwaehlen-duesseldorf.de\/25\/duesselomat\/","url":"https:\/\/gehwaehlen-duesseldorf.de\/25\/duesselomat\/","name":"D\u00fcssel-O-Mat - Deine Wahlhilfe zur Kommunalwahl in D\u00fcsseldorf 2025 - gehw\u00e4hlen25 - Kommunalwahl in D\u00fcsseldorf und NRW","isPartOf":{"@id":"https:\/\/gehwaehlen-duesseldorf.de\/25\/#website"},"primaryImageOfPage":{"@id":"https:\/\/gehwaehlen-duesseldorf.de\/25\/duesselomat\/#primaryimage"},"image":{"@id":"https:\/\/gehwaehlen-duesseldorf.de\/25\/duesselomat\/#primaryimage"},"thumbnailUrl":"https:\/\/gehwaehlen-duesseldorf.de\/25\/wp-content\/uploads\/sites\/6\/2025\/08\/o-mat-banner-5.jpg","datePublished":"2025-08-06T08:18:27+00:00","dateModified":"2025-08-06T08:21:02+00:00","breadcrumb":{"@id":"https:\/\/gehwaehlen-duesseldorf.de\/25\/duesselomat\/#breadcrumb"},"inLanguage":"de","potentialAction":[{"@type":"ReadAction","target":["https:\/\/gehwaehlen-duesseldorf.de\/25\/duesselomat\/"]}]},{"@type":"ImageObject","inLanguage":"de","@id":"https:\/\/gehwaehlen-duesseldorf.de\/25\/duesselomat\/#primaryimage","url":"https:\/\/gehwaehlen-duesseldorf.de\/25\/wp-content\/uploads\/sites\/6\/2025\/08\/o-mat-banner-5.jpg","contentUrl":"https:\/\/gehwaehlen-duesseldorf.de\/25\/wp-content\/uploads\/sites\/6\/2025\/08\/o-mat-banner-5.jpg","width":1920,"height":900},{"@type":"BreadcrumbList","@id":"https:\/\/gehwaehlen-duesseldorf.de\/25\/duesselomat\/#breadcrumb","itemListElement":[{"@type":"ListItem","position":1,"name":"Startseite","item":"https:\/\/gehwaehlen-duesseldorf.de\/25\/"},{"@type":"ListItem","position":2,"name":"D\u00fcssel-O-Mat &#8211; Deine Wahlhilfe zur Kommunalwahl in D\u00fcsseldorf 2025"}]},{"@type":"WebSite","@id":"https:\/\/gehwaehlen-duesseldorf.de\/25\/#website","url":"https:\/\/gehwaehlen-duesseldorf.de\/25\/","name":"gehw\u00e4hlen25 - Kommunalwahl in D\u00fcsseldorf und NRW","description":"","potentialAction":[{"@type":"SearchAction","target":{"@type":"EntryPoint","urlTemplate":"https:\/\/gehwaehlen-duesseldorf.de\/25\/?s={search_term_string}"},"query-input":{"@type":"PropertyValueSpecification","valueRequired":true,"valueName":"search_term_string"}}],"inLanguage":"de"}]}},"_links":{"self":[{"href":"https:\/\/gehwaehlen-duesseldorf.de\/25\/wp-json\/wp\/v2\/pages\/4627","targetHints":{"allow":["GET"]}}],"collection":[{"href":"https:\/\/gehwaehlen-duesseldorf.de\/25\/wp-json\/wp\/v2\/pages"}],"about":[{"href":"https:\/\/gehwaehlen-duesseldorf.de\/25\/wp-json\/wp\/v2\/types\/page"}],"author":[{"embeddable":true,"href":"https:\/\/gehwaehlen-duesseldorf.de\/25\/wp-json\/wp\/v2\/users\/1"}],"replies":[{"embeddable":true,"href":"https:\/\/gehwaehlen-duesseldorf.de\/25\/wp-json\/wp\/v2\/comments?post=4627"}],"version-history":[{"count":4,"href":"https:\/\/gehwaehlen-duesseldorf.de\/25\/wp-json\/wp\/v2\/pages\/4627\/revisions"}],"predecessor-version":[{"id":4631,"href":"https:\/\/gehwaehlen-duesseldorf.de\/25\/wp-json\/wp\/v2\/pages\/4627\/revisions\/4631"}],"wp:featuredmedia":[{"embeddable":true,"href":"https:\/\/gehwaehlen-duesseldorf.de\/25\/wp-json\/wp\/v2\/media\/4625"}],"wp:attachment":[{"href":"https:\/\/gehwaehlen-duesseldorf.de\/25\/wp-json\/wp\/v2\/media?parent=4627"}],"curies":[{"name":"wp","href":"https:\/\/api.w.org\/{rel}","templated":true}]}}