
{"id":3673,"date":"2020-03-19T08:39:02","date_gmt":"2020-03-19T07:39:02","guid":{"rendered":"https:\/\/gehwaehlen-duesseldorf.de\/25\/warum-wahlen-gehen\/"},"modified":"2025-05-20T11:42:25","modified_gmt":"2025-05-20T09:42:25","slug":"warum","status":"publish","type":"page","link":"https:\/\/gehwaehlen-duesseldorf.de\/25\/infos\/warum\/","title":{"rendered":"Warum w\u00e4hlen gehen?"},"content":{"rendered":"<div class=\"wpb-content-wrapper\"><p>[vc_row full_width=&#8220;stretch_row&#8220; content_placement=&#8220;middle&#8220; bg_type=&#8220;image&#8220; parallax_style=&#8220;vcpb-default&#8220; bg_image_new=&#8220;id^3678|url^https:\/\/gehwaehlen-duesseldorf.de\/25\/wp-content\/uploads\/sites\/6\/2025\/05\/AdobeStock_115695954-scaled.jpeg|caption^null|alt^null|title^D\u00fcsseldorf Rheinturm|description^null&#8220; bg_image_repeat=&#8220;no-repeat&#8220; bg_override=&#8220;full&#8220; enable_overlay=&#8220;enable_overlay_value&#8220; overlay_color=&#8220;rgba(0,0,0,0.5)&#8220; css=&#8220;.vc_custom_1747313536393{margin-top: -100px !important;padding-top: 100px !important;padding-bottom: 80px !important;}&#8220;][vc_column width=&#8220;2\/3&#8243; offset=&#8220;vc_col-lg-offset-0 vc_col-lg-8 vc_col-md-offset-0 vc_col-md-10 vc_col-sm-offset-0 vc_col-xs-12&#8243; css=&#8220;.vc_custom_1747313004270{padding-top: 60px !important;}&#8220;]<div id=\"ultimate-heading-56236a08ff05d5fc5\" class=\"uvc-heading ult-adjust-bottom-margin ultimate-heading-56236a08ff05d5fc5 uvc-6802 \" data-hspacer=\"no_spacer\"  data-halign=\"center\" style=\"text-align:center\"><div class=\"uvc-heading-spacer no_spacer\" style=\"top\"><\/div><div class=\"uvc-main-heading ult-responsive\"  data-ultimate-target='.uvc-heading.ultimate-heading-56236a08ff05d5fc5 h1'  data-responsive-json-new='{\"font-size\":\"desktop:52px;tablet_portrait:34px;mobile:30px;\",\"line-height\":\"desktop:62px;tablet_portrait:44px;mobile:40px;\"}' ><h1 style=\"--font-weight:theme;color:#FFFFFF87;margin-bottom:15px;\">WARUM W\u00c4HLEN GEHEN:<\/h1><\/div><\/div><div id=\"ultimate-heading-64206a08ff05d6041\" class=\"uvc-heading ult-adjust-bottom-margin ultimate-heading-64206a08ff05d6041 uvc-1897 \" data-hspacer=\"no_spacer\"  data-halign=\"center\" style=\"text-align:center\"><div class=\"uvc-heading-spacer no_spacer\" style=\"top\"><\/div><div class=\"uvc-main-heading ult-responsive\"  data-ultimate-target='.uvc-heading.ultimate-heading-64206a08ff05d6041 h2'  data-responsive-json-new='{\"font-size\":\"desktop:100px;tablet_portrait:60px;mobile_landscape:50px;mobile:36px;\",\"line-height\":\"desktop:110px;tablet_portrait:70px;mobile_landscape:60px;mobile:38px;\"}' ><h2 style=\"font-weight:bold;color:#ffffff;\">WARUM DEINE STIMME Z\u00c4HLT<\/h2><\/div><\/div>[\/vc_column][vc_column width=&#8220;1\/3&#8243;][vc_empty_space][vc_single_image image=&#8220;3668&#8243; img_size=&#8220;large&#8220; alignment=&#8220;center&#8220; css=&#8220;&#8220;][\/vc_column][\/vc_row][vc_row full_width=&#8220;stretch_row&#8220; css=&#8220;.vc_custom_1737443484155{margin-top: -10px !important;margin-bottom: 32px !important;background-color: #f5f5f5 !important;}&#8220;][vc_column][vc_column_text css=&#8220;&#8220;]<\/p>\n<h4 style=\"text-align: center;\">Jede Wahl ist eine Chance, die Zukunft mitzugestalten. Informier dich, denn nur wer Bescheid wei\u00df, kann bewusst entscheiden. Deine Stimme ist wichtig \u2013 sie bestimmt mit, wie Themen wie Bildung, Klimaschutz oder digitale Freiheit gestaltet werden. Geh w\u00e4hlen und zeig, dass junge Perspektiven z\u00e4hlen!<\/h4>\n<p>[\/vc_column_text][\/vc_column][\/vc_row][vc_row full_width=&#8220;stretch_row&#8220; content_placement=&#8220;middle&#8220; css_animation=&#8220;fadeIn&#8220; css=&#8220;.vc_custom_1590820662654{margin-bottom: 30px !important;background-image: url(https:\/\/gehwaehlen-duesseldorf.de\/25\/wp-content\/uploads\/sites\/6\/2025\/05\/memphis-mini-1.png?id=137) !important;background-position: 0 0 !important;background-repeat: repeat !important;}&#8220;][vc_column width=&#8220;1\/3&#8243;][vc_column_text css=&#8220;.vc_custom_1590816241233{margin-bottom: 0px !important;}&#8220; el_class=&#8220;display-only-mobile display-mobile-center&#8220;]<\/p>\n<h2>Deine Kommune und Du<\/h2>\n<p>[\/vc_column_text][vc_single_image image=&#8220;3669&#8243; img_size=&#8220;medium&#8220; alignment=&#8220;center&#8220;][\/vc_column][vc_column width=&#8220;2\/3&#8243;][vc_column_text css=&#8220;.vc_custom_1590816234111{margin-bottom: 0px !important;}&#8220; el_class=&#8220;display-no-mobile vz&#8220;]<\/p>\n<h2>Deine Kommune und Du<\/h2>\n<p>[\/vc_column_text][vc_column_text]Das Wort Kommune kommt von den Begriffen \u201eGemeinde\u201c und \u201egemeinsam\u201c und meint die politische beziehungsweise verwaltende Rolle einer Stadt, eines Dorfes oder \u00e4hnlichem. Sie ist die kleinste verwaltungstechnische Einheit in Deutschland, bedeutet: eine Kommune kann \u00fcber einige Dinge unabh\u00e4ngig vom Bundesland oder der Bundesregierung entscheiden. Deshalb ist kaum eine Wahl so wichtig f\u00fcr deinen Alltag, wie die Kommunalwahl.<br \/>\nHier ein paar Beispiele daf\u00fcr, wo dir Kommune in deinem Leben begegnet:<\/p>\n<ul>\n<li>Eine Kommune k\u00fcmmert sich um den (Aus-)Bau und Erhalt von Kinderg\u00e4rten und Schulen. Das kann zum Beispiel auch dazugeh\u00f6rige Sportanlagen und Spielm\u00f6glichkeiten, wie etwa Kletterger\u00fcste, betreffen. Sie h\u00e4lt auch fest, wenn du an einer Schule angemeldet wurdest.<\/li>\n<li>Sie k\u00fcmmert sich um den Bau und die Pflege von Freizeitanlagen wie Spiel- und Sportpl\u00e4tze sowie Schwimmb\u00e4der.<\/li>\n<li>Der Bau oder die Reparatur einer Stra\u00dfe (zum Beispiel die vor deiner Haust\u00fcr), die Installation von Stra\u00dfenlaternen, dass der M\u00fcll abgeholt wird oder dass dein Duschwasser abflie\u00dft und gereinigt wird \u2013 all das sind Dinge, die dir einen unkomplizierten Alltag erm\u00f6glichen.<\/li>\n<li>Auch die Betreuung von Museen, anderen kulturellen Treffpunkten oder die Organisation von Festen sind in der Regel Aufgaben deiner Kommune.<\/li>\n<\/ul>\n<p>[\/vc_column_text][\/vc_column][\/vc_row][vc_row full_width=&#8220;stretch_row&#8220; content_placement=&#8220;middle&#8220; css=&#8220;.vc_custom_1590908914716{border-bottom-width: 5px !important;padding-top: 0px !important;padding-bottom: 0px !important;}&#8220;][vc_column width=&#8220;3\/12&#8243;]<div class=\"ult-animation  ult-animate-viewport  ult-no-mobile \" data-animate=\"infinite InfinitePulse\" data-animation-delay=\"0\" data-animation-duration=\"10\" data-animation-iteration=\"infinite\" style=\"opacity:0;\" data-opacity_start_effect=\"\">[vc_single_image image=&#8220;3670&#8243; img_size=&#8220;medium&#8220; alignment=&#8220;center&#8220;]<\/div>[\/vc_column][vc_column width=&#8220;9\/12&#8243;][vc_column_text css=&#8220;.vc_custom_1590820715715{margin-bottom: 0px !important;}&#8220; el_class=&#8220;display-mobile-center&#8220;]<\/p>\n<h1>Zehn gute Gr\u00fcnde w\u00e4hlen zu gehen<\/h1>\n<p>[\/vc_column_text][\/vc_column][\/vc_row][vc_row gap=&#8220;25&#8243; equal_height=&#8220;yes&#8220;][vc_column width=&#8220;1\/2&#8243; offset=&#8220;vc_col-md-3&#8243; css=&#8220;.vc_custom_1590908965870{border-bottom-width: 5px !important;background-image: url(https:\/\/gehwaehlen-duesseldorf.de\/25\/wp-content\/uploads\/sites\/6\/2025\/05\/memphis-mini-1.png?id=137) !important;border-bottom-color: #388697 !important;border-bottom-style: solid !important;}&#8220;][vc_column_text]<\/p>\n<h1 style=\"text-align: center;\">1<\/h1>\n<p><strong>Du hast das Recht dazu.<\/strong> Das bedeutet, du kannst w\u00e4hlen gehen, musst es aber nicht. Weil das nicht in jedem Land selbstverst\u00e4ndlich ist, solltest du von deiner M\u00f6glichkeit Gebrauch machen.[\/vc_column_text][\/vc_column][vc_column width=&#8220;1\/2&#8243; offset=&#8220;vc_col-md-3&#8243; css=&#8220;.vc_custom_1590820944000{border-bottom-width: 5px !important;background-image: url(https:\/\/gehwaehlen-duesseldorf.de\/25\/wp-content\/uploads\/sites\/6\/2025\/05\/memphis-mini-1.png?id=137) !important;border-bottom-color: #388697 !important;border-bottom-style: solid !important;}&#8220;][vc_column_text]<\/p>\n<h1 style=\"text-align: center;\">2<\/h1>\n<p>Wenn du dein Recht nutzt, sorgst du daf\u00fcr, <strong>dass W\u00e4hlen eine freiwillige Sache bleibt<\/strong> und keine Wahlpflicht eingef\u00fchrt wird. Eine Sache freiwillig tun zu k\u00f6nnen bedeutet Freiheit und ist damit sch\u00fctzenswert.[\/vc_column_text][\/vc_column][vc_column width=&#8220;1\/2&#8243; offset=&#8220;vc_col-md-3&#8243; css=&#8220;.vc_custom_1590820961148{border-bottom-width: 5px !important;background-image: url(https:\/\/gehwaehlen-duesseldorf.de\/25\/wp-content\/uploads\/sites\/6\/2025\/05\/memphis-mini-1.png?id=137) !important;border-bottom-color: #388697 !important;border-bottom-style: solid !important;}&#8220;][vc_column_text]<\/p>\n<h1 style=\"text-align: center;\">3<\/h1>\n<p><strong>Jede Stimme z\u00e4hlt.<\/strong> Klingt abgedroschen, ist aber so. Gerade bei Kommunalwahlen haben oft schon sehr wenige Stimmen \u00fcber Sieg oder Niederlage entschieden.[\/vc_column_text][\/vc_column][vc_column width=&#8220;1\/2&#8243; offset=&#8220;vc_col-md-3&#8243;][vc_empty_space height=&#8220;15px&#8220;][vc_single_image image=&#8220;3671&#8243; img_size=&#8220;medium&#8220; alignment=&#8220;center&#8220;][\/vc_column][\/vc_row][vc_row gap=&#8220;25&#8243; equal_height=&#8220;yes&#8220;][vc_column width=&#8220;1\/2&#8243; css=&#8220;.vc_custom_1590820832638{border-bottom-width: 5px !important;background-image: url(https:\/\/gehwaehlen-duesseldorf.de\/25\/wp-content\/uploads\/sites\/6\/2025\/05\/memphis-mini-1.png?id=137) !important;border-bottom-color: #388697 !important;border-bottom-style: solid !important;}&#8220; offset=&#8220;vc_col-md-3&#8243;][vc_column_text]<\/p>\n<h1 style=\"text-align: center;\">4<\/h1>\n<p><strong>Lass nicht andere f\u00fcr dich entscheiden<\/strong>, denn eine nicht abgegebene Stimme ist eine verlorene Stimme und spielt im Zweifel dem*der Wahlsieger*in in die H\u00e4nde.[\/vc_column_text][\/vc_column][vc_column width=&#8220;1\/2&#8243; offset=&#8220;vc_col-md-3&#8243; css=&#8220;.vc_custom_1590820944000{border-bottom-width: 5px !important;background-image: url(https:\/\/gehwaehlen-duesseldorf.de\/25\/wp-content\/uploads\/sites\/6\/2025\/05\/memphis-mini-1.png?id=137) !important;border-bottom-color: #388697 !important;border-bottom-style: solid !important;}&#8220;][vc_column_text]<\/p>\n<h1 style=\"text-align: center;\">5<\/h1>\n<p>W\u00e4hlen gehen hei\u00dft Verantwortung \u00fcbernehmen. Mit deiner Stimme zeigst du: <strong>die Zukunft deines Bezirks und der Stadt sind dir wichtig<\/strong>.[\/vc_column_text][\/vc_column][vc_column width=&#8220;1\/2&#8243; offset=&#8220;vc_col-md-3&#8243; css=&#8220;.vc_custom_1590820961148{border-bottom-width: 5px !important;background-image: url(https:\/\/gehwaehlen-duesseldorf.de\/25\/wp-content\/uploads\/sites\/6\/2025\/05\/memphis-mini-1.png?id=137) !important;border-bottom-color: #388697 !important;border-bottom-style: solid !important;}&#8220;][vc_column_text]<\/p>\n<h1 style=\"text-align: center;\">6<\/h1>\n<p>Auch ein ung\u00fcltig gemachter Wahlzettel ist eine Aussage und im Zweifel besser, als gar nicht w\u00e4hlen zu gehen, denn er wird in die Wahlbeteiligung mit eingerechnet.[\/vc_column_text][\/vc_column][vc_column width=&#8220;1\/2&#8243; offset=&#8220;vc_col-md-3&#8243; css=&#8220;.vc_custom_1590909037306{border-bottom-width: 5px !important;background-image: url(https:\/\/gehwaehlen-duesseldorf.de\/25\/wp-content\/uploads\/sites\/6\/2025\/05\/memphis-mini-1.png?id=137) !important;border-bottom-color: #388697 !important;border-bottom-style: solid !important;}&#8220;][vc_column_text]<\/p>\n<h1 style=\"text-align: center;\">7<\/h1>\n<p><strong>Die Demokratie braucht dich!<\/strong> Der Sinn einer Wahl ist es ja, Vertreter*innen zu finden, die die Interessen der B\u00fcrger*innen, also auch deine, m\u00f6glichst gut vertreten.[\/vc_column_text][\/vc_column][\/vc_row][vc_row gap=&#8220;25&#8243; equal_height=&#8220;yes&#8220;][vc_column width=&#8220;1\/2&#8243; offset=&#8220;vc_col-md-3&#8243;][vc_empty_space height=&#8220;20&#8243; el_class=&#8220;display-no-mobile&#8220;][vc_single_image image=&#8220;3672&#8243; img_size=&#8220;medium&#8220; alignment=&#8220;center&#8220;][\/vc_column][vc_column width=&#8220;1\/2&#8243; offset=&#8220;vc_col-md-3&#8243; css=&#8220;.vc_custom_1590820944000{border-bottom-width: 5px !important;background-image: url(https:\/\/gehwaehlen-duesseldorf.de\/25\/wp-content\/uploads\/sites\/6\/2025\/05\/memphis-mini-1.png?id=137) !important;border-bottom-color: #388697 !important;border-bottom-style: solid !important;}&#8220;][vc_column_text]<\/p>\n<h1 style=\"text-align: center;\">8<\/h1>\n<p>Es dauert nur kurz und tut nicht weh: <strong>deine Kreuze zu setzen kostet dich nur wenige Minuten und ist nicht kompliziert.<\/strong> Nat\u00fcrlich kannst du dich im Vorfeld aber ausf\u00fchrlich mit den verschiedenen Parteien und ihren Programmen besch\u00e4ftigen und dir \u00fcberlegen, wen du w\u00e4hlen m\u00f6chtest.[\/vc_column_text][\/vc_column][vc_column width=&#8220;1\/2&#8243; offset=&#8220;vc_col-md-3&#8243; css=&#8220;.vc_custom_1590820961148{border-bottom-width: 5px !important;background-image: url(https:\/\/gehwaehlen-duesseldorf.de\/25\/wp-content\/uploads\/sites\/6\/2025\/05\/memphis-mini-1.png?id=137) !important;border-bottom-color: #388697 !important;border-bottom-style: solid !important;}&#8220;][vc_column_text]<\/p>\n<h1 style=\"text-align: center;\">9<\/h1>\n<p>W\u00e4hlen gehen hei\u00dft Verantwortung \u00fcbernehmen. Mit deiner Stimme zeigst du: <strong>die Zukunft deines Bezirks und der Stadt sind dir wichtig<\/strong>.[\/vc_column_text][\/vc_column][vc_column width=&#8220;1\/2&#8243; offset=&#8220;vc_col-md-3&#8243; css=&#8220;.vc_custom_1590820981387{border-bottom-width: 5px !important;background-image: url(https:\/\/gehwaehlen-duesseldorf.de\/25\/wp-content\/uploads\/sites\/6\/2025\/05\/memphis-mini-1.png?id=137) !important;border-bottom-color: #388697 !important;border-bottom-style: solid !important;}&#8220;][vc_column_text]<\/p>\n<h1 style=\"text-align: center;\">10<\/h1>\n<p><strong>W\u00e4hlen gehen f\u00fchlt sich gut an<\/strong>, egal wie die Wahl ausgeht, denn du wei\u00dft, dass du alles getan hast was du konntest, um zu entscheiden, wer zuk\u00fcnftig deine Interessen vertritt.[\/vc_column_text][\/vc_column][\/vc_row][vc_row][vc_column][vc_empty_space height=&#8220;100&#8243;][\/vc_column][\/vc_row]<\/p>\n<\/div>","protected":false},"excerpt":{"rendered":"<p>[vc_row full_width=&#8220;stretch_row&#8220; content_placement=&#8220;middle&#8220; bg_type=&#8220;image&#8220; parallax_style=&#8220;vcpb-default&#8220; bg_image_new=&#8220;id^3678|url^https:\/\/gehwaehlen-duesseldorf.de\/25\/wp-content\/uploads\/sites\/6\/2025\/05\/AdobeStock_115695954-scaled.jpeg|caption^null|alt^null|title^D\u00fcsseldorf Rheinturm|description^null&#8220; bg_image_repeat=&#8220;no-repeat&#8220; bg_override=&#8220;full&#8220; enable_overlay=&#8220;enable_overlay_value&#8220; overlay_color=&#8220;rgba(0,0,0,0.5)&#8220; css=&#8220;.vc_custom_1747313536393{margin-top: -100px !important;padding-top: 100px !important;padding-bottom: 80px !important;}&#8220;][vc_column width=&#8220;2\/3&#8243; offset=&#8220;vc_col-lg-offset-0 vc_col-lg-8 vc_col-md-offset-0 vc_col-md-10 vc_col-sm-offset-0 vc_col-xs-12&#8243; css=&#8220;.vc_custom_1747313004270{padding-top: 60px !important;}&#8220;][\/vc_column][vc_column width=&#8220;1\/3&#8243;][vc_empty_space][vc_single_image image=&#8220;3668&#8243;&hellip;<\/p>\n","protected":false},"author":1,"featured_media":0,"parent":3371,"menu_order":0,"comment_status":"closed","ping_status":"closed","template":"","meta":{"footnotes":""},"class_list":["post-3673","page","type-page","status-publish","hentry","description-off"],"yoast_head":"<!-- This site is optimized with the Yoast SEO plugin v27.5 - https:\/\/yoast.com\/product\/yoast-seo-wordpress\/ -->\n<title>Warum w\u00e4hlen gehen? - gehw\u00e4hlen25 - Kommunalwahl in D\u00fcsseldorf und NRW<\/title>\n<meta name=\"robots\" content=\"index, follow, max-snippet:-1, max-image-preview:large, max-video-preview:-1\" \/>\n<link rel=\"canonical\" href=\"https:\/\/gehwaehlen-duesseldorf.de\/25\/infos\/warum\/\" \/>\n<meta property=\"og:locale\" content=\"de_DE\" \/>\n<meta property=\"og:type\" content=\"article\" \/>\n<meta property=\"og:title\" content=\"Warum w\u00e4hlen gehen? - gehw\u00e4hlen25 - Kommunalwahl in D\u00fcsseldorf und NRW\" \/>\n<meta property=\"og:description\" content=\"[vc_row full_width=&#8220;stretch_row&#8220; content_placement=&#8220;middle&#8220; bg_type=&#8220;image&#8220; parallax_style=&#8220;vcpb-default&#8220; bg_image_new=&#8220;id^3678|url^https:\/\/gehwaehlen-duesseldorf.de\/25\/wp-content\/uploads\/sites\/6\/2025\/05\/AdobeStock_115695954-scaled.jpeg|caption^null|alt^null|title^D\u00fcsseldorf Rheinturm|description^null&#8220; bg_image_repeat=&#8220;no-repeat&#8220; bg_override=&#8220;full&#8220; enable_overlay=&#8220;enable_overlay_value&#8220; overlay_color=&#8220;rgba(0,0,0,0.5)&#8220; css=&#8220;.vc_custom_1747313536393{margin-top: -100px !important;padding-top: 100px !important;padding-bottom: 80px !important;}&#8220;][vc_column width=&#8220;2\/3&#8243; offset=&#8220;vc_col-lg-offset-0 vc_col-lg-8 vc_col-md-offset-0 vc_col-md-10 vc_col-sm-offset-0 vc_col-xs-12&#8243; css=&#8220;.vc_custom_1747313004270{padding-top: 60px !important;}&#8220;][\/vc_column][vc_column width=&#8220;1\/3&#8243;][vc_empty_space][vc_single_image image=&#8220;3668&#8243;&hellip;\" \/>\n<meta property=\"og:url\" content=\"https:\/\/gehwaehlen-duesseldorf.de\/25\/infos\/warum\/\" \/>\n<meta property=\"og:site_name\" content=\"gehw\u00e4hlen25 - Kommunalwahl in D\u00fcsseldorf und NRW\" \/>\n<meta property=\"article:modified_time\" content=\"2025-05-20T09:42:25+00:00\" \/>\n<meta name=\"twitter:card\" content=\"summary_large_image\" \/>\n<meta name=\"twitter:label1\" content=\"Gesch\u00e4tzte Lesezeit\" \/>\n\t<meta name=\"twitter:data1\" content=\"7\u00a0Minuten\" \/>\n<script type=\"application\/ld+json\" class=\"yoast-schema-graph\">{\"@context\":\"https:\\\/\\\/schema.org\",\"@graph\":[{\"@type\":\"WebPage\",\"@id\":\"https:\\\/\\\/gehwaehlen-duesseldorf.de\\\/25\\\/infos\\\/warum\\\/\",\"url\":\"https:\\\/\\\/gehwaehlen-duesseldorf.de\\\/25\\\/infos\\\/warum\\\/\",\"name\":\"Warum w\u00e4hlen gehen? - gehw\u00e4hlen25 - Kommunalwahl in D\u00fcsseldorf und NRW\",\"isPartOf\":{\"@id\":\"https:\\\/\\\/gehwaehlen-duesseldorf.de\\\/25\\\/#website\"},\"datePublished\":\"2020-03-19T07:39:02+00:00\",\"dateModified\":\"2025-05-20T09:42:25+00:00\",\"breadcrumb\":{\"@id\":\"https:\\\/\\\/gehwaehlen-duesseldorf.de\\\/25\\\/infos\\\/warum\\\/#breadcrumb\"},\"inLanguage\":\"de\",\"potentialAction\":[{\"@type\":\"ReadAction\",\"target\":[\"https:\\\/\\\/gehwaehlen-duesseldorf.de\\\/25\\\/infos\\\/warum\\\/\"]}]},{\"@type\":\"BreadcrumbList\",\"@id\":\"https:\\\/\\\/gehwaehlen-duesseldorf.de\\\/25\\\/infos\\\/warum\\\/#breadcrumb\",\"itemListElement\":[{\"@type\":\"ListItem\",\"position\":1,\"name\":\"Startseite\",\"item\":\"https:\\\/\\\/gehwaehlen-duesseldorf.de\\\/25\\\/\"},{\"@type\":\"ListItem\",\"position\":2,\"name\":\"Infos zur Wahl\",\"item\":\"https:\\\/\\\/gehwaehlen-duesseldorf.de\\\/25\\\/infos\\\/\"},{\"@type\":\"ListItem\",\"position\":3,\"name\":\"Warum w\u00e4hlen gehen?\"}]},{\"@type\":\"WebSite\",\"@id\":\"https:\\\/\\\/gehwaehlen-duesseldorf.de\\\/25\\\/#website\",\"url\":\"https:\\\/\\\/gehwaehlen-duesseldorf.de\\\/25\\\/\",\"name\":\"gehw\u00e4hlen25 - Kommunalwahl in D\u00fcsseldorf und NRW\",\"description\":\"\",\"potentialAction\":[{\"@type\":\"SearchAction\",\"target\":{\"@type\":\"EntryPoint\",\"urlTemplate\":\"https:\\\/\\\/gehwaehlen-duesseldorf.de\\\/25\\\/?s={search_term_string}\"},\"query-input\":{\"@type\":\"PropertyValueSpecification\",\"valueRequired\":true,\"valueName\":\"search_term_string\"}}],\"inLanguage\":\"de\"}]}<\/script>\n<!-- \/ Yoast SEO plugin. -->","yoast_head_json":{"title":"Warum w\u00e4hlen gehen? - gehw\u00e4hlen25 - Kommunalwahl in D\u00fcsseldorf und NRW","robots":{"index":"index","follow":"follow","max-snippet":"max-snippet:-1","max-image-preview":"max-image-preview:large","max-video-preview":"max-video-preview:-1"},"canonical":"https:\/\/gehwaehlen-duesseldorf.de\/25\/infos\/warum\/","og_locale":"de_DE","og_type":"article","og_title":"Warum w\u00e4hlen gehen? - gehw\u00e4hlen25 - Kommunalwahl in D\u00fcsseldorf und NRW","og_description":"[vc_row full_width=&#8220;stretch_row&#8220; content_placement=&#8220;middle&#8220; bg_type=&#8220;image&#8220; parallax_style=&#8220;vcpb-default&#8220; bg_image_new=&#8220;id^3678|url^https:\/\/gehwaehlen-duesseldorf.de\/25\/wp-content\/uploads\/sites\/6\/2025\/05\/AdobeStock_115695954-scaled.jpeg|caption^null|alt^null|title^D\u00fcsseldorf Rheinturm|description^null&#8220; bg_image_repeat=&#8220;no-repeat&#8220; bg_override=&#8220;full&#8220; enable_overlay=&#8220;enable_overlay_value&#8220; overlay_color=&#8220;rgba(0,0,0,0.5)&#8220; css=&#8220;.vc_custom_1747313536393{margin-top: -100px !important;padding-top: 100px !important;padding-bottom: 80px !important;}&#8220;][vc_column width=&#8220;2\/3&#8243; offset=&#8220;vc_col-lg-offset-0 vc_col-lg-8 vc_col-md-offset-0 vc_col-md-10 vc_col-sm-offset-0 vc_col-xs-12&#8243; css=&#8220;.vc_custom_1747313004270{padding-top: 60px !important;}&#8220;][\/vc_column][vc_column width=&#8220;1\/3&#8243;][vc_empty_space][vc_single_image image=&#8220;3668&#8243;&hellip;","og_url":"https:\/\/gehwaehlen-duesseldorf.de\/25\/infos\/warum\/","og_site_name":"gehw\u00e4hlen25 - Kommunalwahl in D\u00fcsseldorf und NRW","article_modified_time":"2025-05-20T09:42:25+00:00","twitter_card":"summary_large_image","twitter_misc":{"Gesch\u00e4tzte Lesezeit":"7\u00a0Minuten"},"schema":{"@context":"https:\/\/schema.org","@graph":[{"@type":"WebPage","@id":"https:\/\/gehwaehlen-duesseldorf.de\/25\/infos\/warum\/","url":"https:\/\/gehwaehlen-duesseldorf.de\/25\/infos\/warum\/","name":"Warum w\u00e4hlen gehen? - gehw\u00e4hlen25 - Kommunalwahl in D\u00fcsseldorf und NRW","isPartOf":{"@id":"https:\/\/gehwaehlen-duesseldorf.de\/25\/#website"},"datePublished":"2020-03-19T07:39:02+00:00","dateModified":"2025-05-20T09:42:25+00:00","breadcrumb":{"@id":"https:\/\/gehwaehlen-duesseldorf.de\/25\/infos\/warum\/#breadcrumb"},"inLanguage":"de","potentialAction":[{"@type":"ReadAction","target":["https:\/\/gehwaehlen-duesseldorf.de\/25\/infos\/warum\/"]}]},{"@type":"BreadcrumbList","@id":"https:\/\/gehwaehlen-duesseldorf.de\/25\/infos\/warum\/#breadcrumb","itemListElement":[{"@type":"ListItem","position":1,"name":"Startseite","item":"https:\/\/gehwaehlen-duesseldorf.de\/25\/"},{"@type":"ListItem","position":2,"name":"Infos zur Wahl","item":"https:\/\/gehwaehlen-duesseldorf.de\/25\/infos\/"},{"@type":"ListItem","position":3,"name":"Warum w\u00e4hlen gehen?"}]},{"@type":"WebSite","@id":"https:\/\/gehwaehlen-duesseldorf.de\/25\/#website","url":"https:\/\/gehwaehlen-duesseldorf.de\/25\/","name":"gehw\u00e4hlen25 - Kommunalwahl in D\u00fcsseldorf und NRW","description":"","potentialAction":[{"@type":"SearchAction","target":{"@type":"EntryPoint","urlTemplate":"https:\/\/gehwaehlen-duesseldorf.de\/25\/?s={search_term_string}"},"query-input":{"@type":"PropertyValueSpecification","valueRequired":true,"valueName":"search_term_string"}}],"inLanguage":"de"}]}},"_links":{"self":[{"href":"https:\/\/gehwaehlen-duesseldorf.de\/25\/wp-json\/wp\/v2\/pages\/3673","targetHints":{"allow":["GET"]}}],"collection":[{"href":"https:\/\/gehwaehlen-duesseldorf.de\/25\/wp-json\/wp\/v2\/pages"}],"about":[{"href":"https:\/\/gehwaehlen-duesseldorf.de\/25\/wp-json\/wp\/v2\/types\/page"}],"author":[{"embeddable":true,"href":"https:\/\/gehwaehlen-duesseldorf.de\/25\/wp-json\/wp\/v2\/users\/1"}],"replies":[{"embeddable":true,"href":"https:\/\/gehwaehlen-duesseldorf.de\/25\/wp-json\/wp\/v2\/comments?post=3673"}],"version-history":[{"count":4,"href":"https:\/\/gehwaehlen-duesseldorf.de\/25\/wp-json\/wp\/v2\/pages\/3673\/revisions"}],"predecessor-version":[{"id":3729,"href":"https:\/\/gehwaehlen-duesseldorf.de\/25\/wp-json\/wp\/v2\/pages\/3673\/revisions\/3729"}],"up":[{"embeddable":true,"href":"https:\/\/gehwaehlen-duesseldorf.de\/25\/wp-json\/wp\/v2\/pages\/3371"}],"wp:attachment":[{"href":"https:\/\/gehwaehlen-duesseldorf.de\/25\/wp-json\/wp\/v2\/media?parent=3673"}],"curies":[{"name":"wp","href":"https:\/\/api.w.org\/{rel}","templated":true}]}}