{"id":6,"date":"2023-12-15T11:50:05","date_gmt":"2023-12-15T10:50:05","guid":{"rendered":"https:\/\/gehwaehlen-duesseldorf.de\/24\/?page_id=6"},"modified":"2024-06-05T12:34:39","modified_gmt":"2024-06-05T10:34:39","slug":"gehwaehlen24-europawahl-in-duesseldorf","status":"publish","type":"page","link":"https:\/\/gehwaehlen-duesseldorf.de\/24\/","title":{"rendered":"Dein Portal zur Europawahl<br> in D\u00fcsseldorf"},"content":{"rendered":"<div class=\"wpb-content-wrapper\"><p>[vc_row][vc_column][vc_column_text]Am 9. Juni ist Europawahl. Wir vom Jugendring D\u00fcsseldorf begleiten jede Wahl mit einer Vielzahl von Aktionen, Veranstaltungen und Info-Angeboten. Alle jungen Menschen sind herzlich zu den Europa-Caf\u00e9s eingeladen, wo wir zusammen mit Expert*innen \u00fcber Themen wie Klima, Flucht, Migration und Geschlechtsidentit\u00e4t diskutieren. Wir kommen auch an Schulen und organisieren die U16 Wahlen.[\/vc_column_text][\/vc_column][\/vc_row][vc_row][vc_column][vc_column_text css=&#8220;.vc_custom_1717583662283{margin-bottom: 10px !important;border-bottom-width: 0px !important;padding-bottom: 0px !important;}&#8220;]<\/p>\n<h1 style=\"text-align: center;\">Schwerpunkte<\/h1>\n<p>[\/vc_column_text][vc_column_text css=&#8220;&#8220;]<div class=\"hugrid \" id=\"hugrid-bf835b969bb3119733771d5528c894d2\">\r\n    <div uk-grid class=\"uk-clearfix\">\r\n        <div class=\"hugrid-title uk-width-expand@m\"><div class=\"uk-align-left\"><\/div><\/div>\r\n        <div class=\"hugrid-filter uk-width-expand@m\"><div class=\"uk-align-right\">\r\n\r\n        \r\n        \r\n<\/div><\/div>\r\n    <\/div>\r\n    \r\n    <div class=\"hugrid-content-wrapper\">\r\n        <div class=\"hugrid-content\" data-hugrid-page=\"0\"><div class=\"uk-grid-small hugrid-grid-grid_small hugrid-posttype-page uk-grid-match\" uk-grid=\"masonry: false\">\n        \n <div class=\"uk-width-1-3@l uk-width-1-3@m uk-width-1-2@s\">\n            \n    <div class=\"uk-card uk-card-default uk-card-small uk-card-hover hugrid-grid-item-\">\n       \n                <div class=\"uk-card-media-top\">\n            <a href=\"https:\/\/gehwaehlen-duesseldorf.de\/24\/schwerpunkte\/fuer-schulen\/\">                <img decoding=\"async\" class=\"uk-align-center\" src=\"https:\/\/gehwaehlen-duesseldorf.de\/24\/wp-content\/uploads\/sites\/3\/2024\/04\/093b53f4-d528-4cc4-9599-cb64a7f1fe7b-800x400.jpg\"><\/img>\n                \n                 \n                    <div class=\"hugrid-corner\">\n                        <div class=\"hugrid-corner-inner hugrid-corner-class-page\">\n                            <div class=\"hugrid-corner-inner-text\">\n                                INFO                            <\/div>\n                        <\/div>\n                    <\/div>\n                                \n            <\/a>        <\/div>\n              \n        <div class=\"uk-card-body\">\n            <h5 class=\"uk-card-title uk-margin-small-bottom\">\n                    <a href=\"https:\/\/gehwaehlen-duesseldorf.de\/24\/schwerpunkte\/fuer-schulen\/\">\n                        Angebote &#038; Infos zur Europawahl <br>F\u00fcr Schulen                    <\/a>\n                                <\/h5>\n                \n                \n                    <div class=\"uk-text-decoration-none uk-text-regular\" style=\"pointer-events:none\"> U16-Wahlen Dieses Jahr d\u00fcrfen bei der Europawahl in Deutschland zum ersten Mal auch Menschen ab 16 Jahren ihre Stimme abgeben. Aber auch j\u00fcngere&hellip;<\/div>    \n         \n            \n            \n        <\/div>\n      \n            \n                \n       \n        \n    <\/div>\n<\/div>\n\n\n\n <div class=\"uk-width-1-3@l uk-width-1-3@m uk-width-1-2@s\">\n            \n    <div class=\"uk-card uk-card-default uk-card-small uk-card-hover hugrid-grid-item-\">\n       \n                <div class=\"uk-card-media-top\">\n            <a href=\"https:\/\/gehwaehlen-duesseldorf.de\/24\/schwerpunkte\/u16-europawahl\/\">                <img decoding=\"async\" class=\"uk-align-center\" src=\"https:\/\/gehwaehlen-duesseldorf.de\/24\/wp-content\/uploads\/sites\/3\/2024\/02\/u16EU-800x400.jpg\"><\/img>\n                \n                 \n                    <div class=\"hugrid-corner\">\n                        <div class=\"hugrid-corner-inner hugrid-corner-class-page\">\n                            <div class=\"hugrid-corner-inner-text\">\n                                INFO                            <\/div>\n                        <\/div>\n                    <\/div>\n                                \n            <\/a>        <\/div>\n              \n        <div class=\"uk-card-body\">\n            <h5 class=\"uk-card-title uk-margin-small-bottom\">\n                    <a href=\"https:\/\/gehwaehlen-duesseldorf.de\/24\/schwerpunkte\/u16-europawahl\/\">\n                        U16-Europawahl<br>Er\u00f6ffnet euer eigenes Wahllokal                    <\/a>\n                                <\/h5>\n                \n                \n                    <div class=\"uk-text-decoration-none uk-text-regular\" style=\"pointer-events:none\"> Was ist eigentlich die U16-Wahl? Dieses Jahr d\u00fcrfen bei der Europawahl in Deutschland zum ersten Mal auch Menschen ab 16 Jahren ihre&hellip;<\/div>    \n         \n            \n            \n        <\/div>\n      \n            \n                \n       \n        \n    <\/div>\n<\/div>\n\n\n\n <div class=\"uk-width-1-3@l uk-width-1-3@m uk-width-1-2@s\">\n            \n    <div class=\"uk-card uk-card-default uk-card-small uk-card-hover hugrid-grid-item-\">\n       \n                <div class=\"uk-card-media-top\">\n            <a href=\"https:\/\/gehwaehlen-duesseldorf.de\/24\/schwerpunkte\/faq\/\">                <img decoding=\"async\" class=\"uk-align-center\" src=\"https:\/\/gehwaehlen-duesseldorf.de\/24\/wp-content\/uploads\/sites\/3\/2024\/04\/2357837-800x400.png\"><\/img>\n                \n                 \n                    <div class=\"hugrid-corner\">\n                        <div class=\"hugrid-corner-inner hugrid-corner-class-page\">\n                            <div class=\"hugrid-corner-inner-text\">\n                                INFO                            <\/div>\n                        <\/div>\n                    <\/div>\n                                \n            <\/a>        <\/div>\n              \n        <div class=\"uk-card-body\">\n            <h5 class=\"uk-card-title uk-margin-small-bottom\">\n                    <a href=\"https:\/\/gehwaehlen-duesseldorf.de\/24\/schwerpunkte\/faq\/\">\n                        FAQ: Alle Infos zur Europawahl                    <\/a>\n                                <\/h5>\n                \n                \n                    <div class=\"uk-text-decoration-none uk-text-regular\" style=\"pointer-events:none\">Die Suche nach Informationen rund um die europ\u00e4ische Union und die Europawahl kann ganz sch\u00f6n \u00fcberw\u00e4ltigend sein. Der Jugendring hat sich dieses&hellip;<\/div>    \n         \n            \n            \n        <\/div>\n      \n            \n                \n       \n        \n    <\/div>\n<\/div>\n\n\n\n <div class=\"uk-width-1-3@l uk-width-1-3@m uk-width-1-2@s\">\n            \n    <div class=\"uk-card uk-card-default uk-card-small uk-card-hover hugrid-grid-item-\">\n       \n                <div class=\"uk-card-media-top\">\n            <a href=\"https:\/\/gehwaehlen-duesseldorf.de\/24\/schwerpunkte\/positionen\/\">                <img decoding=\"async\" class=\"uk-align-center\" src=\"https:\/\/gehwaehlen-duesseldorf.de\/24\/wp-content\/uploads\/sites\/3\/2024\/05\/11641812_4758679-800x400.jpg\"><\/img>\n                \n                 \n                    <div class=\"hugrid-corner\">\n                        <div class=\"hugrid-corner-inner hugrid-corner-class-page\">\n                            <div class=\"hugrid-corner-inner-text\">\n                                INFO                            <\/div>\n                        <\/div>\n                    <\/div>\n                                \n            <\/a>        <\/div>\n              \n        <div class=\"uk-card-body\">\n            <h5 class=\"uk-card-title uk-margin-small-bottom\">\n                    <a href=\"https:\/\/gehwaehlen-duesseldorf.de\/24\/schwerpunkte\/positionen\/\">\n                        Wen w\u00e4hlen? &#8211; Positionen und Programme                    <\/a>\n                                <\/h5>\n                \n                \n                    <div class=\"uk-text-decoration-none uk-text-regular\" style=\"pointer-events:none\">Manchmal ist es nicht leicht, unter all den Parteien und eigenen Vorlieben den \u00dcberblick zu behalten und eine Wahlentscheidung zu treffen. Hier findet&hellip;<\/div>    \n         \n            \n            \n        <\/div>\n      \n            \n                \n       \n        \n    <\/div>\n<\/div>\n\n\n\n <div class=\"uk-width-1-3@l uk-width-1-3@m uk-width-1-2@s\">\n            \n    <div class=\"uk-card uk-card-default uk-card-small uk-card-hover hugrid-grid-item-\">\n       \n                <div class=\"uk-card-media-top\">\n            <a href=\"https:\/\/gehwaehlen-duesseldorf.de\/24\/u18-wahlergebnisse-fuer-duesseldorf-2024\/\">                <img decoding=\"async\" class=\"uk-align-center\" src=\"https:\/\/gehwaehlen-duesseldorf.de\/24\/wp-content\/uploads\/sites\/3\/2024\/06\/u16ergebnisse-1-659x400.jpg\"><\/img>\n                \n                 \n                    <div class=\"hugrid-corner\">\n                        <div class=\"hugrid-corner-inner hugrid-corner-class-page\">\n                            <div class=\"hugrid-corner-inner-text\">\n                                INFO                            <\/div>\n                        <\/div>\n                    <\/div>\n                                \n            <\/a>        <\/div>\n              \n        <div class=\"uk-card-body\">\n            <h5 class=\"uk-card-title uk-margin-small-bottom\">\n                    <a href=\"https:\/\/gehwaehlen-duesseldorf.de\/24\/u18-wahlergebnisse-fuer-duesseldorf-2024\/\">\n                        U16 Wahlergebnisse f\u00fcr D\u00fcsseldorf 2024                    <\/a>\n                                <\/h5>\n                \n                \n                    <div class=\"uk-text-decoration-none uk-text-regular\" style=\"pointer-events:none\"> U16-Europawahl: So hat D\u00fcsseldorf abgestimmt Das Wahlergebnis steht nun fest. Bei der U16-Europawahl, in der Woche vom 27. bis zum 31. Mai, haben in&hellip;<\/div>    \n         \n            \n            \n        <\/div>\n      \n            \n                \n       \n        \n    <\/div>\n<\/div>\n\n\n<\/div>\n\n\r\n\r\n\r\n<ul class=\"uk-pagination uk-flex-center\">\r\n        \r\n    \r\n    \r\n<\/ul>\r\n    <div class=\"uk-position-cover uk-overlay uk-overlay-default uk-flex uk-flex-center uk-flex-middle uk-hidden hugrid-loading\" id=\"-loading\">\r\n        <div uk-spinner=\"ratio:2\">           \r\n        <\/div>\r\n    <\/div>\r\n\n\n<\/div>\r\n    <\/div>\r\n<\/div>[\/vc_column_text][\/vc_column][\/vc_row][vc_row][vc_column][vc_column_text css=&#8220;.vc_custom_1717583680202{margin-bottom: 10px !important;}&#8220;]<\/p>\n<h1 style=\"text-align: center;\">Termine<\/h1>\n<p>[\/vc_column_text][vc_column_text css=&#8220;.vc_custom_1717424357353{margin-top: 0px !important;margin-right: 0px !important;margin-bottom: 0px !important;margin-left: 0px !important;border-top-width: 0px !important;border-right-width: 0px !important;border-bottom-width: 0px !important;border-left-width: 0px !important;padding-top: 0px !important;padding-right: 0px !important;padding-bottom: 0px !important;padding-left: 0px !important;}&#8220;][\/vc_column_text]<style type=\"text\/css\" data-type=\"the7_shortcodes-inline-css\">#default-btn-16df4636102be941276e4292aaa28bf7.ico-right-side > i {\n  margin-right: 0px;\n  margin-left: 8px;\n}\n#default-btn-16df4636102be941276e4292aaa28bf7 > i {\n  margin-right: 8px;\n}<\/style><div class=\"btn-align-center\"><a href=\"https:\/\/gehwaehlen-duesseldorf.de\/24\/termine\/\" class=\"default-btn-shortcode dt-btn dt-btn-m link-hover-off \" id=\"default-btn-16df4636102be941276e4292aaa28bf7\"><i class=\"far fa-calendar\"><\/i><span>Alle Termine<\/span><\/a><\/div><div class=\"ult-spacer spacer-69e598a06efdb\" data-id=\"69e598a06efdb\" data-height=\"60\" data-height-mobile=\"30\" data-height-tab=\"30\" data-height-tab-portrait=\"30\" data-height-mobile-landscape=\"30\" style=\"clear:both;display:block;\"><\/div>[\/vc_column][\/vc_row]<\/p>\n<\/div>","protected":false},"excerpt":{"rendered":"<p>[vc_row][vc_column][vc_column_text]Am 9. Juni ist Europawahl. Wir vom Jugendring D\u00fcsseldorf begleiten jede Wahl mit einer Vielzahl von Aktionen, Veranstaltungen und Info-Angeboten. Alle jungen Menschen sind herzlich zu den Europa-Caf\u00e9s eingeladen, wo&hellip;<\/p>\n","protected":false},"author":1,"featured_media":0,"parent":0,"menu_order":0,"comment_status":"closed","ping_status":"closed","template":"","meta":{"footnotes":""},"class_list":["post-6","page","type-page","status-publish","hentry","description-off"],"_links":{"self":[{"href":"https:\/\/gehwaehlen-duesseldorf.de\/24\/wp-json\/wp\/v2\/pages\/6","targetHints":{"allow":["GET"]}}],"collection":[{"href":"https:\/\/gehwaehlen-duesseldorf.de\/24\/wp-json\/wp\/v2\/pages"}],"about":[{"href":"https:\/\/gehwaehlen-duesseldorf.de\/24\/wp-json\/wp\/v2\/types\/page"}],"author":[{"embeddable":true,"href":"https:\/\/gehwaehlen-duesseldorf.de\/24\/wp-json\/wp\/v2\/users\/1"}],"replies":[{"embeddable":true,"href":"https:\/\/gehwaehlen-duesseldorf.de\/24\/wp-json\/wp\/v2\/comments?post=6"}],"version-history":[{"count":29,"href":"https:\/\/gehwaehlen-duesseldorf.de\/24\/wp-json\/wp\/v2\/pages\/6\/revisions"}],"predecessor-version":[{"id":292,"href":"https:\/\/gehwaehlen-duesseldorf.de\/24\/wp-json\/wp\/v2\/pages\/6\/revisions\/292"}],"wp:attachment":[{"href":"https:\/\/gehwaehlen-duesseldorf.de\/24\/wp-json\/wp\/v2\/media?parent=6"}],"curies":[{"name":"wp","href":"https:\/\/api.w.org\/{rel}","templated":true}]}}