{"id":272,"date":"2024-06-03T15:48:06","date_gmt":"2024-06-03T13:48:06","guid":{"rendered":"https:\/\/gehwaehlen-duesseldorf.de\/24\/?page_id=272"},"modified":"2024-06-05T12:33:11","modified_gmt":"2024-06-05T10:33:11","slug":"u18-wahlergebnisse-fuer-duesseldorf-2024","status":"publish","type":"page","link":"https:\/\/gehwaehlen-duesseldorf.de\/24\/u18-wahlergebnisse-fuer-duesseldorf-2024\/","title":{"rendered":"U16 Wahlergebnisse f\u00fcr D\u00fcsseldorf 2024"},"content":{"rendered":"<div class=\"wpb-content-wrapper\"><p>[vc_row gap=&#8220;25&#8243;][vc_column][vc_column_text css=&#8220;&#8220;]<\/p>\n<h1>U16-Europawahl: So hat D\u00fcsseldorf abgestimmt<\/h1>\n<p>[\/vc_column_text][vc_row_inner gap=&#8220;25&#8243;][vc_column_inner width=&#8220;1\/2&#8243;][vc_column_text css=&#8220;&#8220;]Das Wahlergebnis steht nun fest. Bei der U16-Europawahl, in der Woche vom 27. bis zum 31. Mai, haben in D\u00fcsseldorf \u00fcber 700 junge Menschen in den selbstorganisierten Wahllokalen ihre Stimme abgegeben. Dabei entfielen auf die Gr\u00fcnen mit 27,78% die meisten Stimmen, 16,08% auf CDU\/CSU. Danach folgen SDP mit 12,72%, die Tierschutzpartei mit 6,87%, die AfD mit 6,73% und die FDP mit 6,43%. Alle Wahlergebnisse findet ihr rechts\/unten in der Grafik und Tabelle. F\u00fcr D\u00fcsseldorf wurde die Koordination der Wahllokale durch den Jugendring D\u00fcsseldorf betreut.<\/p>\n<h2>Das spannendste an den U16\/U18 Wahlen sind nicht die Ergebnisse<\/h2>\n<p><strong>Das Ziel der U16\/U18-Wahlen ist es, m\u00f6glichst viele Kinder und Jugendliche f\u00fcr die parlamentarische Demokratie zu begeistern, ihre Interessen an politischen Themen zu st\u00e4rken und diese sichtbarer zu machen.<\/strong><\/p>\n<p>Die U16-Wahl ist eine der gr\u00f6\u00dften au\u00dferschulischen Bildungsinitiativen in Deutschland. Sie will jungen Menschen eine Stimme in den Wahlk\u00e4mpfen geben und ist ein Projekt der Demokratiebildung rund um Wahlprozesse und politische Inhalte und Interessen von Kindern und Jugendlichen. Kinder und Jugendliche besch\u00e4ftigen sich dabei zu Bundestagswahlen, Europawahlen, Landtagswahlen ebenso wie zu vielen Kommunalwahlen, mit dem politischen Geschehen, setzen sich im Vorfeld mit den Themen auseinander, die f\u00fcr sie wichtig sind und treffen letztendlich ihre Wahlentscheidung. .<\/p>\n<p>Die Wahlen sind selbstorganisiert und ehrenamtlich: Lokale Initiativen und Bewegungen werden durch Jugendgruppen und -initiativen, Jugendverb\u00e4nde und -ringe, Jugendclubs und weitere Einrichtungen, in denen Jugendliche sich gerne treffen und miteinander aktiv werden, sowie Schulen organisieren die Wahllokale in der Regel ehrenamtlich.<\/p>\n<p>Anders als sonst haben alle jungen Menschen hier eine Stimme und das Recht zu w\u00e4hlen, sie k\u00f6nnen die Themen diskutieren, die f\u00fcr sie eine Rolle spielen.<strong> Sie setzen sich so auch ganz praktisch mit demokratischen Wahlen auseinander \u2013 ob als \u201eWahlhelfer*in\u201c in einem Wahllokal, als Organisator*in einer Talkrunde mit Kandidierenden oder als W\u00e4hlende.<\/strong> Indem die Ergebnisse vor der jeweiligen staatlichen Wahl ausgez\u00e4hlt und anschlie\u00dfend ver\u00f6ffentlicht werden, bringen die U16\/18-Wahlen aber auch Kinder und Jugendliche mit ihren politischen Ideen und Interessen im Prozess der politischen Meinungsbildung zur Geltung.<\/p>\n<p>Die Kinder- und Jugendwahl wird seit 1996 immer neun Tage vor einem offiziellen Wahltermin abgehalten. Mitmachen k\u00f6nnen ausnahmslos alle jungen Menschen unter dem offiziellen Wahlalter.<\/p>\n<p><em>Die U16\/U18-Wahlen werden durch die Organisator*innen der vielen Wahllokale durchgef\u00fchrt und von einem Netzwerk von Landeskoordinierenden und ihren Tr\u00e4gern und F\u00f6rderern beraten, vernetzt und unterst\u00fctzt (www.u18.org\/kontakt). Dieses Netzwerk tragen der Deutsche Bundesjugendring, das Deutsche Kinderhilfswerk, die Landesjugendringe sowie viele Jugendverb\u00e4nde. Die U16\/U18-Europawahl 2024 koordiniert der Deutsche Bundesjugendring. Gef\u00f6rdert werden die Wahlen durch das Bundesministerium f\u00fcr Familie, Senioren, Frauen und Jugend sowie die Bundeszentrale f\u00fcr politische Bildung. F\u00fcr D\u00fcsseldorf koordiniert der Jugendring D\u00fcsseldorf die Wahlen.<\/em>[\/vc_column_text][\/vc_column_inner][vc_column_inner width=&#8220;1\/2&#8243;][vc_round_chart stroke_width=&#8220;2&#8243; values=&#8220;%5B%7B%22title%22%3A%22Gr%C3%BCne%22%2C%22value%22%3A%2227%2C78%22%2C%22color%22%3A%22green%22%7D%2C%7B%22title%22%3A%22CDU%22%2C%22value%22%3A%2216.08%22%2C%22color%22%3A%22black%22%7D%2C%7B%22title%22%3A%22SPD%22%2C%22value%22%3A%2212.72%22%2C%22color%22%3A%22juicy-pink%22%2C%22custom_color%22%3A%22%23555555%22%7D%2C%7B%22title%22%3A%22Tierschutzpartei%22%2C%22value%22%3A%226.87%22%2C%22color%22%3A%22vista-blue%22%2C%22custom_color%22%3A%22%2375d69c%22%7D%2C%7B%22title%22%3A%22AfD%22%2C%22value%22%3A%226.73%22%2C%22color%22%3A%22peacoc%22%2C%22custom_color%22%3A%22%23fe6c61%22%7D%2C%7B%22title%22%3A%22FDP%22%2C%22value%22%3A%226.43%22%2C%22color%22%3A%22orange%22%2C%22custom_color%22%3A%22%23f7f7f7%22%7D%2C%7B%22title%22%3A%22Volt%22%2C%22value%22%3A%222.92%22%2C%22color%22%3A%22violet%22%2C%22custom_color%22%3A%22%230088cc%22%7D%2C%7B%22title%22%3A%22Die%20PARTEI%22%2C%22value%22%3A%222.92%22%2C%22color%22%3A%22chino%22%2C%22custom_color%22%3A%22%236dab3c%22%7D%5D&#8220; css=&#8220;.vc_custom_1717582033067{margin-bottom: 0px !important;}&#8220;][vc_column_text css=&#8220;&#8220;]<\/p>\n<table class=\"mat-table\" role=\"grid\">\n<thead role=\"rowgroup\">\n<tr class=\"mat-header-row ng-star-inserted\" role=\"row\">\n<th class=\"mat-header-cell ng-tns-c26-21 cdk-column-fraction mat-column-fraction ng-star-inserted\" role=\"columnheader\">\n<div class=\"mat-sort-header-container\">\n<p>Fraktion<\/p>\n<div class=\"mat-sort-header-arrow ng-trigger ng-trigger-arrowPosition ng-tns-c26-21 ng-star-inserted\">\n<div class=\"mat-sort-header-stem\"><\/div>\n<div class=\"mat-sort-header-indicator ng-trigger ng-trigger-indicator\">\n<div class=\"mat-sort-header-pointer-left ng-trigger ng-trigger-leftPointer\"><\/div>\n<div class=\"mat-sort-header-pointer-right ng-trigger ng-trigger-rightPointer\"><\/div>\n<div class=\"mat-sort-header-pointer-middle\"><\/div>\n<\/div>\n<\/div>\n<\/div>\n<\/th>\n<th class=\"mat-header-cell ng-tns-c26-22 cdk-column-value mat-column-value ng-star-inserted\" role=\"columnheader\">\n<div class=\"mat-sort-header-container\">\n<p>Anzahl, %<\/p>\n<div class=\"mat-sort-header-arrow ng-trigger ng-trigger-arrowPosition ng-tns-c26-22 ng-star-inserted\">\n<div class=\"mat-sort-header-stem\"><\/div>\n<div class=\"mat-sort-header-indicator ng-trigger ng-trigger-indicator\">\n<div class=\"mat-sort-header-pointer-left ng-trigger ng-trigger-leftPointer\"><\/div>\n<div class=\"mat-sort-header-pointer-right ng-trigger ng-trigger-rightPointer\"><\/div>\n<div class=\"mat-sort-header-pointer-middle\"><\/div>\n<\/div>\n<\/div>\n<\/div>\n<\/th>\n<\/tr>\n<\/thead>\n<tbody role=\"rowgroup\">\n<tr class=\"mat-row ng-star-inserted\" role=\"row\">\n<td class=\"truncate mat-cell cdk-column-fraction mat-column-fraction ng-star-inserted\" role=\"gridcell\"><span class=\"truncate\">GR\u00dcNE<\/span><\/td>\n<td class=\"mat-cell cdk-column-value mat-column-value ng-star-inserted\" role=\"gridcell\">27.78<\/td>\n<\/tr>\n<tr class=\"mat-row ng-star-inserted\" role=\"row\">\n<td class=\"truncate mat-cell cdk-column-fraction mat-column-fraction ng-star-inserted\" role=\"gridcell\"><span class=\"truncate\">CDU<\/span><\/td>\n<td class=\"mat-cell cdk-column-value mat-column-value ng-star-inserted\" role=\"gridcell\">16.08<\/td>\n<\/tr>\n<tr class=\"mat-row ng-star-inserted\" role=\"row\">\n<td class=\"truncate mat-cell cdk-column-fraction mat-column-fraction ng-star-inserted\" role=\"gridcell\"><span class=\"truncate\">SPD<\/span><\/td>\n<td class=\"mat-cell cdk-column-value mat-column-value ng-star-inserted\" role=\"gridcell\">12.72<\/td>\n<\/tr>\n<tr class=\"mat-row ng-star-inserted\" role=\"row\">\n<td class=\"truncate mat-cell cdk-column-fraction mat-column-fraction ng-star-inserted\" role=\"gridcell\"><span class=\"truncate\">Tierschutzpartei<\/span><\/td>\n<td class=\"mat-cell cdk-column-value mat-column-value ng-star-inserted\" role=\"gridcell\">6.87<\/td>\n<\/tr>\n<tr class=\"mat-row ng-star-inserted\" role=\"row\">\n<td class=\"truncate mat-cell cdk-column-fraction mat-column-fraction ng-star-inserted\" role=\"gridcell\"><span class=\"truncate\">AfD<\/span><\/td>\n<td class=\"mat-cell cdk-column-value mat-column-value ng-star-inserted\" role=\"gridcell\">6.73<\/td>\n<\/tr>\n<tr class=\"mat-row ng-star-inserted\" role=\"row\">\n<td class=\"truncate mat-cell cdk-column-fraction mat-column-fraction ng-star-inserted\" role=\"gridcell\"><span class=\"truncate\">FDP<\/span><\/td>\n<td class=\"mat-cell cdk-column-value mat-column-value ng-star-inserted\" role=\"gridcell\">6.43<\/td>\n<\/tr>\n<tr class=\"mat-row ng-star-inserted\" role=\"row\">\n<td class=\"truncate mat-cell cdk-column-fraction mat-column-fraction ng-star-inserted\" role=\"gridcell\"><span class=\"truncate\">Volt<\/span><\/td>\n<td class=\"mat-cell cdk-column-value mat-column-value ng-star-inserted\" role=\"gridcell\">2.92<\/td>\n<\/tr>\n<tr class=\"mat-row ng-star-inserted\" role=\"row\">\n<td class=\"truncate mat-cell cdk-column-fraction mat-column-fraction ng-star-inserted\" role=\"gridcell\"><span class=\"truncate\">Die PARTEI<\/span><\/td>\n<td class=\"mat-cell cdk-column-value mat-column-value ng-star-inserted\" role=\"gridcell\">2.92<\/td>\n<\/tr>\n<tr class=\"mat-row ng-star-inserted\" role=\"row\">\n<td class=\"truncate mat-cell cdk-column-fraction mat-column-fraction ng-star-inserted\" role=\"gridcell\"><span class=\"truncate\">Piraten<\/span><\/td>\n<td class=\"mat-cell cdk-column-value mat-column-value ng-star-inserted\" role=\"gridcell\">2.19<\/td>\n<\/tr>\n<tr class=\"mat-row ng-star-inserted\" role=\"row\">\n<td class=\"truncate mat-cell cdk-column-fraction mat-column-fraction ng-star-inserted\" role=\"gridcell\"><span class=\"truncate\">PdF<\/span><\/td>\n<td class=\"mat-cell cdk-column-value mat-column-value ng-star-inserted\" role=\"gridcell\">1.75<\/td>\n<\/tr>\n<tr class=\"mat-row ng-star-inserted\" role=\"row\">\n<td class=\"truncate mat-cell cdk-column-fraction mat-column-fraction ng-star-inserted\" role=\"gridcell\"><span class=\"truncate\">DIE LINKE<\/span><\/td>\n<td class=\"mat-cell cdk-column-value mat-column-value ng-star-inserted\" role=\"gridcell\">1.61<\/td>\n<\/tr>\n<tr class=\"mat-row ng-star-inserted\" role=\"row\">\n<td class=\"truncate mat-cell cdk-column-fraction mat-column-fraction ng-star-inserted\" role=\"gridcell\"><span class=\"truncate\">TIERSCHUTZ hier!<\/span><\/td>\n<td class=\"mat-cell cdk-column-value mat-column-value ng-star-inserted\" role=\"gridcell\">1.32<\/td>\n<\/tr>\n<tr class=\"mat-row ng-star-inserted\" role=\"row\">\n<td class=\"truncate mat-cell cdk-column-fraction mat-column-fraction ng-star-inserted\" role=\"gridcell\"><span class=\"truncate\">FAMILIE<\/span><\/td>\n<td class=\"mat-cell cdk-column-value mat-column-value ng-star-inserted\" role=\"gridcell\">1.02<\/td>\n<\/tr>\n<tr class=\"mat-row ng-star-inserted\" role=\"row\">\n<td class=\"truncate mat-cell cdk-column-fraction mat-column-fraction ng-star-inserted\" role=\"gridcell\"><span class=\"truncate\">HEIMAT<\/span><\/td>\n<td class=\"mat-cell cdk-column-value mat-column-value ng-star-inserted\" role=\"gridcell\">1.02<\/td>\n<\/tr>\n<tr class=\"mat-row ng-star-inserted\" role=\"row\">\n<td class=\"truncate mat-cell cdk-column-fraction mat-column-fraction ng-star-inserted\" role=\"gridcell\"><span class=\"truncate\">PdH<\/span><\/td>\n<td class=\"mat-cell cdk-column-value mat-column-value ng-star-inserted\" role=\"gridcell\">1.02<\/td>\n<\/tr>\n<tr class=\"mat-row ng-star-inserted\" role=\"row\">\n<td class=\"truncate mat-cell cdk-column-fraction mat-column-fraction ng-star-inserted\" role=\"gridcell\"><span class=\"truncate\">V-PARTEI\u00b3<\/span><\/td>\n<td class=\"mat-cell cdk-column-value mat-column-value ng-star-inserted\" role=\"gridcell\">0.88<\/td>\n<\/tr>\n<tr class=\"mat-row ng-star-inserted\" role=\"row\">\n<td class=\"truncate mat-cell cdk-column-fraction mat-column-fraction ng-star-inserted\" role=\"gridcell\"><span class=\"truncate\">MENSCHLICHE WELT<\/span><\/td>\n<td class=\"mat-cell cdk-column-value mat-column-value ng-star-inserted\" role=\"gridcell\">0.73<\/td>\n<\/tr>\n<tr class=\"mat-row ng-star-inserted\" role=\"row\">\n<td class=\"truncate mat-cell cdk-column-fraction mat-column-fraction ng-star-inserted\" role=\"gridcell\"><span class=\"truncate\">\u00d6DP<\/span><\/td>\n<td class=\"mat-cell cdk-column-value mat-column-value ng-star-inserted\" role=\"gridcell\">0.73<\/td>\n<\/tr>\n<tr class=\"mat-row ng-star-inserted\" role=\"row\">\n<td class=\"truncate mat-cell cdk-column-fraction mat-column-fraction ng-star-inserted\" role=\"gridcell\"><span class=\"truncate\">BSW<\/span><\/td>\n<td class=\"mat-cell cdk-column-value mat-column-value ng-star-inserted\" role=\"gridcell\">0.58<\/td>\n<\/tr>\n<tr class=\"mat-row ng-star-inserted\" role=\"row\">\n<td class=\"truncate mat-cell cdk-column-fraction mat-column-fraction ng-star-inserted\" role=\"gridcell\"><span class=\"truncate\">DKP<\/span><\/td>\n<td class=\"mat-cell cdk-column-value mat-column-value ng-star-inserted\" role=\"gridcell\">0.58<\/td>\n<\/tr>\n<tr class=\"mat-row ng-star-inserted\" role=\"row\">\n<td class=\"truncate mat-cell cdk-column-fraction mat-column-fraction ng-star-inserted\" role=\"gridcell\"><span class=\"truncate\">BIG<\/span><\/td>\n<td class=\"mat-cell cdk-column-value mat-column-value ng-star-inserted\" role=\"gridcell\">0.58<\/td>\n<\/tr>\n<tr class=\"mat-row ng-star-inserted\" role=\"row\">\n<td class=\"truncate mat-cell cdk-column-fraction mat-column-fraction ng-star-inserted\" role=\"gridcell\"><span class=\"truncate\">Klimaliste<\/span><\/td>\n<td class=\"mat-cell cdk-column-value mat-column-value ng-star-inserted\" role=\"gridcell\">0.58<\/td>\n<\/tr>\n<tr class=\"mat-row ng-star-inserted\" role=\"row\">\n<td class=\"truncate mat-cell cdk-column-fraction mat-column-fraction ng-star-inserted\" role=\"gridcell\"><span class=\"truncate\">Letzte Generation<\/span><\/td>\n<td class=\"mat-cell cdk-column-value mat-column-value ng-star-inserted\" role=\"gridcell\">0.58<\/td>\n<\/tr>\n<tr class=\"mat-row ng-star-inserted\" role=\"row\">\n<td class=\"truncate mat-cell cdk-column-fraction mat-column-fraction ng-star-inserted\" role=\"gridcell\"><span class=\"truncate\">PdV<\/span><\/td>\n<td class=\"mat-cell cdk-column-value mat-column-value ng-star-inserted\" role=\"gridcell\">0.58<\/td>\n<\/tr>\n<tr class=\"mat-row ng-star-inserted\" role=\"row\">\n<td class=\"truncate mat-cell cdk-column-fraction mat-column-fraction ng-star-inserted\" role=\"gridcell\"><span class=\"truncate\">B\u00fcndnis C<\/span><\/td>\n<td class=\"mat-cell cdk-column-value mat-column-value ng-star-inserted\" role=\"gridcell\">0.44<\/td>\n<\/tr>\n<tr class=\"mat-row ng-star-inserted\" role=\"row\">\n<td class=\"truncate mat-cell cdk-column-fraction mat-column-fraction ng-star-inserted\" role=\"gridcell\"><span class=\"truncate\">MERA25<\/span><\/td>\n<td class=\"mat-cell cdk-column-value mat-column-value ng-star-inserted\" role=\"gridcell\">0.44<\/td>\n<\/tr>\n<tr class=\"mat-row ng-star-inserted\" role=\"row\">\n<td class=\"truncate mat-cell cdk-column-fraction mat-column-fraction ng-star-inserted\" role=\"gridcell\"><span class=\"truncate\">Partei f\u00fcr schulmedizinische Verj\u00fcngungsforschung<\/span><\/td>\n<td class=\"mat-cell cdk-column-value mat-column-value ng-star-inserted\" role=\"gridcell\">0.44<\/td>\n<\/tr>\n<tr class=\"mat-row ng-star-inserted\" role=\"row\">\n<td class=\"truncate mat-cell cdk-column-fraction mat-column-fraction ng-star-inserted\" role=\"gridcell\"><span class=\"truncate\">FREIE W\u00c4HLER<\/span><\/td>\n<td class=\"mat-cell cdk-column-value mat-column-value ng-star-inserted\" role=\"gridcell\">0.15<\/td>\n<\/tr>\n<tr class=\"mat-row ng-star-inserted\" role=\"row\">\n<td class=\"truncate mat-cell cdk-column-fraction mat-column-fraction ng-star-inserted\" role=\"gridcell\"><span class=\"truncate\">DAVA<\/span><\/td>\n<td class=\"mat-cell cdk-column-value mat-column-value ng-star-inserted\" role=\"gridcell\">0.15<\/td>\n<\/tr>\n<tr class=\"mat-row ng-star-inserted\" role=\"row\">\n<td class=\"truncate mat-cell cdk-column-fraction mat-column-fraction ng-star-inserted\" role=\"gridcell\"><span class=\"truncate\">B\u00dcNDNIS DEUTSCHLAND<\/span><\/td>\n<td class=\"mat-cell cdk-column-value mat-column-value ng-star-inserted\" role=\"gridcell\">0.15<\/td>\n<\/tr>\n<\/tbody>\n<tfoot role=\"rowgroup\">\n<tr class=\"mat-footer-row ng-star-inserted\" role=\"row\">\n<td class=\"mat-footer-cell cdk-column-fraction mat-column-fraction ng-star-inserted\" role=\"gridcell\">Gesamt<\/td>\n<td class=\"mat-footer-cell cdk-column-value mat-column-value ng-star-inserted\" role=\"gridcell\">100<\/td>\n<\/tr>\n<\/tfoot>\n<\/table>\n<p>&nbsp;<\/p>\n<p>705 g\u00fcltige Stimmen \/ 21 ung\u00fcltig[\/vc_column_text][\/vc_column_inner][\/vc_row_inner][\/vc_column][\/vc_row]<\/p>\n<\/div>","protected":false},"excerpt":{"rendered":"<p>[vc_row gap=&#8220;25&#8243;][vc_column][vc_column_text css=&#8220;&#8220;] U16-Europawahl: So hat D\u00fcsseldorf abgestimmt [\/vc_column_text][vc_row_inner gap=&#8220;25&#8243;][vc_column_inner width=&#8220;1\/2&#8243;][vc_column_text css=&#8220;&#8220;]Das Wahlergebnis steht nun fest. Bei der U16-Europawahl, in der Woche vom 27. bis zum 31. Mai, haben in&hellip;<\/p>\n","protected":false},"author":1,"featured_media":291,"parent":0,"menu_order":0,"comment_status":"closed","ping_status":"closed","template":"","meta":{"footnotes":""},"class_list":["post-272","page","type-page","status-publish","has-post-thumbnail","hentry","description-off"],"_links":{"self":[{"href":"https:\/\/gehwaehlen-duesseldorf.de\/24\/wp-json\/wp\/v2\/pages\/272","targetHints":{"allow":["GET"]}}],"collection":[{"href":"https:\/\/gehwaehlen-duesseldorf.de\/24\/wp-json\/wp\/v2\/pages"}],"about":[{"href":"https:\/\/gehwaehlen-duesseldorf.de\/24\/wp-json\/wp\/v2\/types\/page"}],"author":[{"embeddable":true,"href":"https:\/\/gehwaehlen-duesseldorf.de\/24\/wp-json\/wp\/v2\/users\/1"}],"replies":[{"embeddable":true,"href":"https:\/\/gehwaehlen-duesseldorf.de\/24\/wp-json\/wp\/v2\/comments?post=272"}],"version-history":[{"count":16,"href":"https:\/\/gehwaehlen-duesseldorf.de\/24\/wp-json\/wp\/v2\/pages\/272\/revisions"}],"predecessor-version":[{"id":290,"href":"https:\/\/gehwaehlen-duesseldorf.de\/24\/wp-json\/wp\/v2\/pages\/272\/revisions\/290"}],"wp:featuredmedia":[{"embeddable":true,"href":"https:\/\/gehwaehlen-duesseldorf.de\/24\/wp-json\/wp\/v2\/media\/291"}],"wp:attachment":[{"href":"https:\/\/gehwaehlen-duesseldorf.de\/24\/wp-json\/wp\/v2\/media?parent=272"}],"curies":[{"name":"wp","href":"https:\/\/api.w.org\/{rel}","templated":true}]}}