{"id":202,"date":"2024-04-05T12:08:29","date_gmt":"2024-04-05T10:08:29","guid":{"rendered":"https:\/\/gehwaehlen-duesseldorf.de\/24\/?page_id=202"},"modified":"2024-04-05T12:13:51","modified_gmt":"2024-04-05T10:13:51","slug":"u16-europawahl","status":"publish","type":"page","link":"https:\/\/gehwaehlen-duesseldorf.de\/24\/schwerpunkte\/u16-europawahl\/","title":{"rendered":"U16-Europawahl<br>Er\u00f6ffnet euer eigenes Wahllokal"},"content":{"rendered":"<div class=\"wpb-content-wrapper\"><p>[vc_row][vc_column][vc_row_inner content_placement=&#8220;middle&#8220; gap=&#8220;25&#8243;][vc_column_inner width=&#8220;1\/3&#8243;][vc_single_image image=&#8220;183&#8243; img_size=&#8220;large&#8220; alignment=&#8220;center&#8220;][\/vc_column_inner][vc_column_inner width=&#8220;2\/3&#8243;][vc_column_text][\/vc_column_text][vc_column_text]<\/p>\n<h2><strong>Was ist eigentlich die U16-Wahl?<\/strong><\/h2>\n<p>Dieses Jahr d\u00fcrfen bei der Europawahl in Deutschland zum ersten Mal auch Menschen ab 16 Jahren ihre Stimme abgeben. Aber auch j\u00fcngere Jugendliche haben eine politische Meinung! Damit sie diese an der Wahlurne zeigen k\u00f6nnen gibt es die\u00a0<strong>U16-Wahlen.\u00a0<\/strong>Die U16-Wahl ist eine Wahlsimulation f\u00fcr Menschen, die aus Altersgr\u00fcnden nicht w\u00e4hlen d\u00fcrfen oder die aufgrund ihrer Staatsangeh\u00f6rigkeit nicht in Deutschland w\u00e4hlen d\u00fcrfen. Die U16-Wahl ist zudem Anlass f\u00fcr politische Bildungsarbeit und der Wahltag kann von anderen Bildungsangeboten begleitet werden. Die Durchf\u00fchrung der Wahl ist kostenlos. Die U16-Europawahlen finden in diesem Jahr im Wahlzeitraum vom\u00a0<strong>27. bis zum 29. Mai<\/strong> statt.[\/vc_column_text][\/vc_column_inner][\/vc_row_inner][\/vc_column][\/vc_row][vc_row full_width=&#8220;stretch_row&#8220; css=&#8220;.vc_custom_1712306726015{background-position: 0 0 !important;background-repeat: repeat !important;}&#8220;][vc_column][vc_row_inner content_placement=&#8220;middle&#8220; gap=&#8220;25&#8243;][vc_column_inner width=&#8220;1\/3&#8243;][vc_single_image image=&#8220;203&#8243; img_size=&#8220;700&#215;700&#8243; alignment=&#8220;center&#8220; style=&#8220;vc_box_circle&#8220;][\/vc_column_inner][vc_column_inner width=&#8220;2\/3&#8243;][vc_column_text]<\/p>\n<h2><strong>Seid dabei und er\u00f6ffnet ein U16-Wahllokal!<\/strong><\/h2>\n<p>M\u00f6glichst viele Kinder und Jugendliche aus D\u00fcsseldorf sollen die Chance bekommen ihre Stimme f\u00fcr die Europawahl 2024 abzugeben. Das wird durch euch m\u00f6glich \u2013 er\u00f6ffnet auch ihr ein U16-Wahllokal! U16-Wahllokale k\u00f6nnen \u00fcberall dort eingerichtet werden, wo Kinder und Jugendliche sich aufhalten: in Kinder- und Jugendfreizeiteinrichtungen, Schulen, Sportvereinen, Bibliotheken, auf \u00f6ffentlichen Stra\u00dfen und Pl\u00e4tzen in Form mobiler Wahllokale\u2026 Anmelden k\u00f6nnt ihr euer Wahllokal ganz einfach unter\u00a0<a href=\"https:\/\/wahlen.u18.org\/auth\/registrieren?lang=de\">wahlen.u18.org<\/a>. Der Jugendring D\u00fcsseldorf ist die Koordinierungsstelle f\u00fcr die U16-Wahlen in D\u00fcsseldorf. Er best\u00e4tigt die Anmeldung eures Wahllokals. Im Anschluss an die Anmeldung lassen wir euch alle wichtigen Informationen und Materialien zur Durchf\u00fchrung der Wahl zukommen. Wenn ihr Fragen zur Wahl habt, k\u00f6nnt ihr euch immer an uns wenden.<\/p>\n<p>[\/vc_column_text][vc_empty_space][\/vc_column_inner][\/vc_row_inner][\/vc_column][\/vc_row][vc_row][vc_column][vc_row_inner content_placement=&#8220;middle&#8220; gap=&#8220;25&#8243;][vc_column_inner width=&#8220;1\/3&#8243;][vc_single_image image=&#8220;206&#8243; img_size=&#8220;700&#215;700&#8243; alignment=&#8220;center&#8220; style=&#8220;vc_box_circle&#8220;][\/vc_column_inner][vc_column_inner width=&#8220;2\/3&#8243;][vc_column_text]<\/p>\n<h2><strong>Ablauf der U16-Wahl<\/strong><\/h2>\n<p>[\/vc_column_text]<div class=\"standard-number-list list-divider bullet-top\"><ul>\n<li>Tag und Uhrzeit der Wahl festlegen und das Wahllokal anmelden. Der Wahlzeitraum ist vom 27. bis zum 29. Mai. Wenn ihr m\u00f6chtet, k\u00f6nnt ihr euer Wahllokal auch schon fr\u00fcher im Mai er\u00f6ffnen.<\/li>\n<li>Das Wahllokal wird best\u00e4tigt und ihr erhaltet ein P\u00e4ckchens mit Material zur Wahl vom Jugendring D\u00fcsseldorf.<\/li>\n<li>Die Wahlsimulation vorbereiten \u2013 am besten gemeinsam mit den Kindern und Jugendlichen! Wahlurne und Wahlkabine selbst basteln oder ausleihen, Angebote politischer Bildung gestalten (bspw. gemeinsam zu Positionen der Parteien informieren, Film zu Europa schauen, Talkrunde mit Politiker*innen), festlegen wer Wahlhelferin ist und wer die Stimmen ausz\u00e4hlt, Stimmzettel drucken.<\/li>\n<li>Die Wahl durchf\u00fchren, Stimmen ausz\u00e4hlen und das Ergebnis online eintragen auf\u00a0<a href=\"https:\/\/wahlen.u18.org\/auth\/registrieren?lang=de\">u18.org<\/a><\/li>\n<\/ul>\n<\/div><style type=\"text\/css\" data-type=\"the7_shortcodes-inline-css\">#default-btn-3018bf43a8c98556f1a6e64d2cadd35c.ico-right-side > i {\n  margin-right: 0px;\n  margin-left: 8px;\n}\n#default-btn-3018bf43a8c98556f1a6e64d2cadd35c > i {\n  margin-right: 8px;\n}<\/style><a href=\"https:\/\/wahlen.u18.org\/auth\/registrieren?lang=de\" class=\"default-btn-shortcode dt-btn dt-btn-m link-hover-off btn-inline-left \" target=\"_blank\" id=\"default-btn-3018bf43a8c98556f1a6e64d2cadd35c\" rel=\"noopener\"><i class=\"fas fa-check-circle\"><\/i><span>Jetzt Wahllokal anmelden<\/span><\/a>[\/vc_column_inner][\/vc_row_inner][\/vc_column][\/vc_row][vc_row][vc_column][vc_empty_space][vc_message message_box_color=&#8220;grey&#8220;]Bei Fragen rund um unsere Angebote f\u00fcr Schulen ist Verena Hohn die richtige Ansprechpartnerin. Sie ist per Mail unter\u00a0<a href=\"mailto:verena.hohn@jugendring-duesseldorf.de\">verena.hohn@jugendring-duesseldorf.de<\/a>\u00a0oder per Telefon 0211\/ 97537720 bzw. Handy 01577\/ 4405541 zu erreichen.[\/vc_message][\/vc_column][\/vc_row]<\/p>\n<\/div>","protected":false},"excerpt":{"rendered":"<p>[vc_row][vc_column][vc_row_inner content_placement=&#8220;middle&#8220; gap=&#8220;25&#8243;][vc_column_inner width=&#8220;1\/3&#8243;][vc_single_image image=&#8220;183&#8243; img_size=&#8220;large&#8220; alignment=&#8220;center&#8220;][\/vc_column_inner][vc_column_inner width=&#8220;2\/3&#8243;][vc_column_text][\/vc_column_text][vc_column_text] Was ist eigentlich die U16-Wahl? Dieses Jahr d\u00fcrfen bei der Europawahl in Deutschland zum ersten Mal auch Menschen ab 16 Jahren ihre&hellip;<\/p>\n","protected":false},"author":1,"featured_media":183,"parent":185,"menu_order":0,"comment_status":"closed","ping_status":"closed","template":"","meta":{"footnotes":""},"class_list":["post-202","page","type-page","status-publish","has-post-thumbnail","hentry","description-off"],"_links":{"self":[{"href":"https:\/\/gehwaehlen-duesseldorf.de\/24\/wp-json\/wp\/v2\/pages\/202","targetHints":{"allow":["GET"]}}],"collection":[{"href":"https:\/\/gehwaehlen-duesseldorf.de\/24\/wp-json\/wp\/v2\/pages"}],"about":[{"href":"https:\/\/gehwaehlen-duesseldorf.de\/24\/wp-json\/wp\/v2\/types\/page"}],"author":[{"embeddable":true,"href":"https:\/\/gehwaehlen-duesseldorf.de\/24\/wp-json\/wp\/v2\/users\/1"}],"replies":[{"embeddable":true,"href":"https:\/\/gehwaehlen-duesseldorf.de\/24\/wp-json\/wp\/v2\/comments?post=202"}],"version-history":[{"count":4,"href":"https:\/\/gehwaehlen-duesseldorf.de\/24\/wp-json\/wp\/v2\/pages\/202\/revisions"}],"predecessor-version":[{"id":208,"href":"https:\/\/gehwaehlen-duesseldorf.de\/24\/wp-json\/wp\/v2\/pages\/202\/revisions\/208"}],"up":[{"embeddable":true,"href":"https:\/\/gehwaehlen-duesseldorf.de\/24\/wp-json\/wp\/v2\/pages\/185"}],"wp:featuredmedia":[{"embeddable":true,"href":"https:\/\/gehwaehlen-duesseldorf.de\/24\/wp-json\/wp\/v2\/media\/183"}],"wp:attachment":[{"href":"https:\/\/gehwaehlen-duesseldorf.de\/24\/wp-json\/wp\/v2\/media?parent=202"}],"curies":[{"name":"wp","href":"https:\/\/api.w.org\/{rel}","templated":true}]}}