{"id":187,"date":"2024-04-05T10:19:11","date_gmt":"2024-04-05T08:19:11","guid":{"rendered":"https:\/\/gehwaehlen-duesseldorf.de\/24\/?page_id=187"},"modified":"2024-04-05T12:13:28","modified_gmt":"2024-04-05T10:13:28","slug":"fuer-schulen","status":"publish","type":"page","link":"https:\/\/gehwaehlen-duesseldorf.de\/24\/schwerpunkte\/fuer-schulen\/","title":{"rendered":"Angebote &#038; Infos zur Europawahl <br>F\u00fcr Schulen"},"content":{"rendered":"<div class=\"wpb-content-wrapper\"><p>[vc_row][vc_column][vc_row_inner content_placement=&#8220;middle&#8220;][vc_column_inner width=&#8220;1\/3&#8243;][vc_single_image image=&#8220;183&#8243; img_size=&#8220;large&#8220; alignment=&#8220;center&#8220;][\/vc_column_inner][vc_column_inner width=&#8220;2\/3&#8243;][vc_column_text][\/vc_column_text][vc_column_text]<\/p>\n<h2 style=\"text-align: left;\"><strong>U16-Wahlen<\/strong><\/h2>\n<p>Dieses Jahr d\u00fcrfen bei der Europawahl in Deutschland zum ersten Mal auch Menschen ab 16 Jahren ihre Stimme abgeben. Aber auch j\u00fcngere Jugendliche haben eine politische Meinung! Damit sie diese an der Wahlurne zeigen k\u00f6nnen gibt es die\u00a0<strong>U16-Wahlen<\/strong>, die im Mai stattfinden. U16-Wahllokale k\u00f6nnen zum Beispiel in Jugendfreizeiteinrichtungen, bei Jugendverb\u00e4nden und in Schulen sein. Der Jugendring D\u00fcsseldorf ist die Koordinierungsstelle f\u00fcr die U16-Wahlen in D\u00fcsseldorf \u2013 wir unterst\u00fctzen die Wahllokale, schicken Ihnen Materialen und Infos zu und sind f\u00fcr Fragen da.<\/p>\n<h3>Wahllokal an eurer Schule<\/h3>\n<p>Er\u00f6ffnen Sie auch in ihrer Schule ein U16-Wahllokal und f\u00fchren die U16-Wahl gemeinsam mit Sch\u00fcler*innen durch!\u00a0<a href=\"https:\/\/gehwaehlen-duesseldorf.de\/24\/u16\/\">Genauere Informationen rund um die U16-Wahlen gibt es hier.<\/a>\u00a0Die Anmeldung eines Wahllokals erfolgt unter\u00a0<a href=\"https:\/\/wahlen.u18.org\/auth\/registrieren?lang=de\">wahlen.u18.org<\/a>. Im Anschluss an die Anmeldung lassen wir Ihnen alle wichtigen Informationen und Materialien zur Durchf\u00fchrung der Wahl zukommen.[\/vc_column_text][\/vc_column_inner][\/vc_row_inner][\/vc_column][\/vc_row][vc_row full_width=&#8220;stretch_row&#8220; css=&#8220;.vc_custom_1712306726015{background-position: 0 0 !important;background-repeat: repeat !important;}&#8220;][vc_column][vc_row_inner content_placement=&#8220;middle&#8220; gap=&#8220;25&#8243;][vc_column_inner width=&#8220;1\/3&#8243;][vc_single_image image=&#8220;194&#8243; img_size=&#8220;700&#215;700&#8243; alignment=&#8220;center&#8220; style=&#8220;vc_box_circle&#8220;][\/vc_column_inner][vc_column_inner width=&#8220;2\/3&#8243;][vc_column_text]<\/p>\n<h2><strong>Wahlmobil zur Europawahl \u2013<br \/>\nWir bringen Europa auf euren Schulhof<\/strong><\/h2>\n<p><strong>Wieso ist die Europawahl so wichtig? Was macht die EU eigentlich? Und \u00fcberhaupt, was geht mich Europa an? Unser Wahlmobil bringt Europa auf den Schulhof!<\/strong><\/p>\n<p>Mit spielerischen und interaktiven Methoden k\u00f6nnen sich die Sch\u00fcler*innen mit der EU auseinandersetzen \u2013 Im Gep\u00e4ck des Wahlmobils sind ein EU-Quiz, Beispiele zu EU-Gesetzen, die uns alle betreffen, Abstimmungen zu europapolitischen Fragen und vieles mehr. Zus\u00e4tzlich k\u00f6nnen die Sch\u00fcler*innen ihre Stimme bei der U6-Wahl abgeben. Nach Absprache bieten wir auch an, f\u00fcr die Schulhofaktion Kandidat*innen der demokratischen Parteien (<a href=\"https:\/\/jugendring-duesseldorf.de\/beschluss\/umgang-mit-der-afd\/\" target=\"_blank\" rel=\"noopener\">keine AfD<\/a>) zur Schulhofaktion einzuladen. So k\u00f6nnen Sch\u00fcler*innen Politiker*innen selbst ihre Fragen stellen.[\/vc_column_text]<style type=\"text\/css\" data-type=\"the7_shortcodes-inline-css\">#default-btn-eee53a8419c837fb56c094a75da93bc4.ico-right-side > i {\n  margin-right: 0px;\n  margin-left: 8px;\n}\n#default-btn-eee53a8419c837fb56c094a75da93bc4 > i {\n  margin-right: 8px;\n}<\/style><a href=\"https:\/\/eveeno.com\/Wahlmobil_Europa24\" class=\"default-btn-shortcode dt-btn dt-btn-m link-hover-off btn-inline-left \" target=\"_blank\" id=\"default-btn-eee53a8419c837fb56c094a75da93bc4\" rel=\"noopener\"><i class=\"icomoon-the7-font-the7-comment-00\"><\/i><span>Anfrage stellen<\/span><\/a>[vc_empty_space][\/vc_column_inner][\/vc_row_inner][\/vc_column][\/vc_row][vc_row][vc_column][vc_row_inner content_placement=&#8220;middle&#8220; gap=&#8220;25&#8243;][vc_column_inner width=&#8220;1\/3&#8243;][vc_single_image image=&#8220;195&#8243; img_size=&#8220;700&#215;700&#8243; alignment=&#8220;center&#8220; style=&#8220;vc_box_circle&#8220;][\/vc_column_inner][vc_column_inner width=&#8220;2\/3&#8243;][vc_column_text]<\/p>\n<h2><strong>Workshop \u201eDu entscheidest deine Zukunft in Europa\u201c<\/strong><\/h2>\n<p>Bei der Europawahl d\u00fcrfen 2024 auch 16-J\u00e4hrige an die Wahlurne. Zum ersten Mal an der Wahlurne stehen, ist etwas Besonderes. Doch viele sind auch verunsichert, bekommen von der Gesellschaft gezeigt, dass ihre Meinung als junger Menschen nicht wirklich ernst genommen wird.<\/p>\n<p><strong>Dieser Workshop (Dauer ca. 4h) bef\u00e4higt Sch\u00fcler*innen am Beispiel der Europawahl dazu, ihr eigenes demokratisches Verst\u00e4ndnis und ihre Meinung weiterauszubilden und motiviert, unsere Demokratie aktiv mitzugestalten.<\/strong> Der Workshop richtet sich an Sch\u00fcler*innen ab 15 Jahren (ab der 8. Klasse) und kann entweder in der Schule oder im Haus der Jugend (Lacombletstr. 10, 40239 D\u00fcsseldorf) stattfinden.[\/vc_column_text]<style type=\"text\/css\" data-type=\"the7_shortcodes-inline-css\">#default-btn-af55fcce6b72ac3d3d07417ba812d5d2.ico-right-side > i {\n  margin-right: 0px;\n  margin-left: 8px;\n}\n#default-btn-af55fcce6b72ac3d3d07417ba812d5d2 > i {\n  margin-right: 8px;\n}<\/style><a href=\"https:\/\/eveeno.com\/Workshop_DuEntscheidestDeineZukunft\" class=\"default-btn-shortcode dt-btn dt-btn-m link-hover-off btn-inline-left \" target=\"_blank\" id=\"default-btn-af55fcce6b72ac3d3d07417ba812d5d2\" rel=\"noopener\"><i class=\"icomoon-the7-font-the7-comment-00\"><\/i><span>Anfrage stellen<\/span><\/a>[\/vc_column_inner][\/vc_row_inner][\/vc_column][\/vc_row][vc_row][vc_column][vc_empty_space][vc_message message_box_color=&#8220;grey&#8220;]Bei Fragen rund um unsere Angebote f\u00fcr Schulen ist Verena Hohn die richtige Ansprechpartnerin. Sie ist per Mail unter\u00a0<a href=\"mailto:verena.hohn@jugendring-duesseldorf.de\">verena.hohn@jugendring-duesseldorf.de<\/a>\u00a0oder per Telefon 0211\/ 97537720 bzw. Handy 01577\/ 4405541 zu erreichen.[\/vc_message][\/vc_column][\/vc_row]<\/p>\n<\/div>","protected":false},"excerpt":{"rendered":"<p>[vc_row][vc_column][vc_row_inner content_placement=&#8220;middle&#8220;][vc_column_inner width=&#8220;1\/3&#8243;][vc_single_image image=&#8220;183&#8243; img_size=&#8220;large&#8220; alignment=&#8220;center&#8220;][\/vc_column_inner][vc_column_inner width=&#8220;2\/3&#8243;][vc_column_text][\/vc_column_text][vc_column_text] U16-Wahlen Dieses Jahr d\u00fcrfen bei der Europawahl in Deutschland zum ersten Mal auch Menschen ab 16 Jahren ihre Stimme abgeben. Aber auch j\u00fcngere&hellip;<\/p>\n","protected":false},"author":1,"featured_media":194,"parent":185,"menu_order":0,"comment_status":"closed","ping_status":"closed","template":"","meta":{"footnotes":""},"class_list":["post-187","page","type-page","status-publish","has-post-thumbnail","hentry","description-off"],"_links":{"self":[{"href":"https:\/\/gehwaehlen-duesseldorf.de\/24\/wp-json\/wp\/v2\/pages\/187","targetHints":{"allow":["GET"]}}],"collection":[{"href":"https:\/\/gehwaehlen-duesseldorf.de\/24\/wp-json\/wp\/v2\/pages"}],"about":[{"href":"https:\/\/gehwaehlen-duesseldorf.de\/24\/wp-json\/wp\/v2\/types\/page"}],"author":[{"embeddable":true,"href":"https:\/\/gehwaehlen-duesseldorf.de\/24\/wp-json\/wp\/v2\/users\/1"}],"replies":[{"embeddable":true,"href":"https:\/\/gehwaehlen-duesseldorf.de\/24\/wp-json\/wp\/v2\/comments?post=187"}],"version-history":[{"count":9,"href":"https:\/\/gehwaehlen-duesseldorf.de\/24\/wp-json\/wp\/v2\/pages\/187\/revisions"}],"predecessor-version":[{"id":211,"href":"https:\/\/gehwaehlen-duesseldorf.de\/24\/wp-json\/wp\/v2\/pages\/187\/revisions\/211"}],"up":[{"embeddable":true,"href":"https:\/\/gehwaehlen-duesseldorf.de\/24\/wp-json\/wp\/v2\/pages\/185"}],"wp:featuredmedia":[{"embeddable":true,"href":"https:\/\/gehwaehlen-duesseldorf.de\/24\/wp-json\/wp\/v2\/media\/194"}],"wp:attachment":[{"href":"https:\/\/gehwaehlen-duesseldorf.de\/24\/wp-json\/wp\/v2\/media?parent=187"}],"curies":[{"name":"wp","href":"https:\/\/api.w.org\/{rel}","templated":true}]}}