{"id":104,"date":"2024-01-13T18:04:28","date_gmt":"2024-01-13T17:04:28","guid":{"rendered":"https:\/\/gehwaehlen-duesseldorf.de\/24\/?page_id=104"},"modified":"2024-01-13T18:05:53","modified_gmt":"2024-01-13T17:05:53","slug":"impressum","status":"publish","type":"page","link":"https:\/\/gehwaehlen-duesseldorf.de\/24\/impressum\/","title":{"rendered":"Impressum"},"content":{"rendered":"<p><strong>Herausgeber<\/strong><br \/>\nAchim Radau-Kr\u00fcger<br \/>\nGesch\u00e4ftsf\u00fchrer des<br \/>\nTr\u00e4gervereins des Jugendringes D\u00fcsseldorf e.V.<br \/>\nGoethestr. 83<br \/>\n(Hinterhaus)<br \/>\n40237 D\u00fcsseldorf<\/p>\n<p>Tel: 0211\/ 975377 0<br \/>\nFax: 0211\/ 975377 50<br \/>\n<a href=\"mailto:info@jugendring-duesseldorf.de\">info@jugendring-duesseldorf.de<\/a><\/p>\n<p><strong>Rechtshinweis<\/strong><br \/>\nAlle in unseren Internetseiten enthaltenen Angaben und Informationen wurden vom Tr\u00e4gerverein des Jugendringes D\u00fcsseldorf (im folgenden kurz \u201eJugendring\u201c) oder Dritten sorgf\u00e4ltig recherchiert und gepr\u00fcft. F\u00fcr Richtigkeit, Vollst\u00e4ndigkeit und Aktualit\u00e4t k\u00f6nnen weder der Jugendring noch dritte Lieferanten die Haftung \u00fcbernehmen.<br \/>\nAlle Informationen dienen ausschlie\u00dflich zur Information der Besucher von www.jugendring-duesseldorf.de. Im \u00fcbrigen ist die Haftung auf Vorsatz oder grobe Fahrl\u00e4ssigkeit beschr\u00e4nkt.<\/p>\n<p>F\u00fcr Internetseiten Dritter, auf die durch Hyperlink verwiesen wird, tragen die jeweiligen Anbieter die Verantwortung. Der Jugendring ist f\u00fcr den Inhalt solcher Seiten Dritter nicht verantwortlich.<\/p>\n<p>Des Weiteren kann die Web-Seite des Jugendringes D\u00fcsseldorf ohne Wissen des Jugendringes von einer anderen Web-Seite mittels Hyperlink angelinkt worden sein. Der Jugendring \u00fcbernimmt keine Verantwortung f\u00fcr Darstellungen, Inhalte oder irgendeine Verbindung zu den Web-Seiten Dritter.<\/p>\n<p>Au\u00dferdem beh\u00e4lt sich der Jugendring das Recht vor, \u00c4nderungen oder Erg\u00e4nzungen der bereitgestellten Informationen vorzunehmen.<\/p>\n<p>Inhalt und Struktur der Web-Seite des Jugendringes sind urheberrechtlich gesch\u00fctzt. Die Vervielf\u00e4ltigung von Informationen oder Daten, insbesondere die Verwendung von Texten, Textteilen oder Bildmaterial bedarf der ausdr\u00fccklichen vorherigen Zustimmung durch den Jugendring.<\/p>\n","protected":false},"excerpt":{"rendered":"<p>Herausgeber Achim Radau-Kr\u00fcger Gesch\u00e4ftsf\u00fchrer des Tr\u00e4gervereins des Jugendringes D\u00fcsseldorf e.V. Goethestr. 83 (Hinterhaus) 40237 D\u00fcsseldorf Tel: 0211\/ 975377 0 Fax: 0211\/ 975377 50 info@jugendring-duesseldorf.de Rechtshinweis Alle in unseren Internetseiten enthaltenen&hellip;<\/p>\n","protected":false},"author":1,"featured_media":0,"parent":0,"menu_order":0,"comment_status":"closed","ping_status":"closed","template":"","meta":{"footnotes":""},"class_list":["post-104","page","type-page","status-publish","hentry","description-off"],"_links":{"self":[{"href":"https:\/\/gehwaehlen-duesseldorf.de\/24\/wp-json\/wp\/v2\/pages\/104","targetHints":{"allow":["GET"]}}],"collection":[{"href":"https:\/\/gehwaehlen-duesseldorf.de\/24\/wp-json\/wp\/v2\/pages"}],"about":[{"href":"https:\/\/gehwaehlen-duesseldorf.de\/24\/wp-json\/wp\/v2\/types\/page"}],"author":[{"embeddable":true,"href":"https:\/\/gehwaehlen-duesseldorf.de\/24\/wp-json\/wp\/v2\/users\/1"}],"replies":[{"embeddable":true,"href":"https:\/\/gehwaehlen-duesseldorf.de\/24\/wp-json\/wp\/v2\/comments?post=104"}],"version-history":[{"count":1,"href":"https:\/\/gehwaehlen-duesseldorf.de\/24\/wp-json\/wp\/v2\/pages\/104\/revisions"}],"predecessor-version":[{"id":105,"href":"https:\/\/gehwaehlen-duesseldorf.de\/24\/wp-json\/wp\/v2\/pages\/104\/revisions\/105"}],"wp:attachment":[{"href":"https:\/\/gehwaehlen-duesseldorf.de\/24\/wp-json\/wp\/v2\/media?parent=104"}],"curies":[{"name":"wp","href":"https:\/\/api.w.org\/{rel}","templated":true}]}}